{"id":1163,"date":"2019-07-15T15:52:34","date_gmt":"2019-07-15T15:52:34","guid":{"rendered":"https:\/\/grupo.farmaciastrebol.com\/?page_id=1163"},"modified":"2025-12-10T12:25:26","modified_gmt":"2025-12-10T12:25:26","slug":"trebol-plus","status":"publish","type":"page","link":"https:\/\/www.farmaciastrebol.com\/grupo\/farmacias\/trebol-plus\/","title":{"rendered":"Tarjeta Tr\u00e9bol Plus"},"content":{"rendered":"<section class=\"wpb-content-wrapper\"><p>[vc_row bg_type=&#8221;&#8221; dima_canvas_style=&#8221;&#8221; translate_x=&#8221;0&#8243; dima_z_index=&#8221;0&#8243; delay=&#8221;&#8221; delay_duration=&#8221;&#8221; delay_offset=&#8221;&#8221; top_and_bottom_padding=&#8221;0px&#8221; left_and_right_padding=&#8221;&#8221; id=&#8221;&#8221; class=&#8221;&#8221; style=&#8221;padding-bottom:0px; padding-top:100px&#8221;][vc_column min_height=&#8221;&#8221; bg_type=&#8221;&#8221; dima_canvas_style=&#8221;&#8221; translate_x=&#8221;0&#8243; dima_z_index=&#8221;0&#8243; delay=&#8221;&#8221; delay_duration=&#8221;&#8221; delay_offset=&#8221;&#8221; top_and_bottom_padding=&#8221;&#8221; left_and_right_padding=&#8221;&#8221; width=&#8221;1\/1&#8243;]<div  class=\"dima-clear\" style=\"padding-bottom:5rem\"><\/div>[vc_row_inner bg_type=&#8221;&#8221; dima_canvas_style=&#8221;&#8221; translate_x=&#8221;0&#8243; dima_z_index=&#8221;0&#8243; top_and_bottom_padding=&#8221;&#8221; left_and_right_padding=&#8221;&#8221; id=&#8221;&#8221; class=&#8221;&#8221; style=&#8221;padding-bottom:0px&#8221;][vc_column_inner delay=&#8221;&#8221; delay_duration=&#8221;&#8221; delay_offset=&#8221;&#8221; visibility_xld=&#8221;visible&#8221; visibility_ld=&#8221;visible&#8221; visibility_md=&#8221;visible&#8221; visibility_sd=&#8221;hidden&#8221; translate_x=&#8221;0&#8243; dima_z_index=&#8221;0&#8243; width=&#8221;1\/2&#8243; id=&#8221;&#8221; class=&#8221;&#8221; style=&#8221;&#8221; border_color=&#8221;&#8221;]<div class=\"column-item overflow-hidden text-center\"><img fetchpriority=\"high\" decoding=\"async\" width=\"345\" height=\"399\"  class=\"dima-img \" src=\"https:\/\/www.farmaciastrebol.com\/grupo\/wp-content\/uploads\/2021\/09\/chica-trebol.png\"   alt=\"\"><\/div>[\/vc_column_inner][vc_column_inner delay=&#8221;&#8221; delay_duration=&#8221;&#8221; delay_offset=&#8221;&#8221; translate_x=&#8221;0&#8243; dima_z_index=&#8221;0&#8243; width=&#8221;1\/2&#8243; id=&#8221;&#8221; class=&#8221;&#8221; style=&#8221;&#8221; border_color=&#8221;&#8221;]<h2>Tu tarjeta Tr\u00e9bol Plus<\/h2>\n<p>Queremos agradecer tu fidelidad y confianza. Para ello hemos creado y cada d\u00eda mejoramos las ventajas de las Tarjetas Tr\u00e9bol Plus, con las que podr\u00e1s acumular descuentos por tus compras y tener acceso a diversos de nuestros servicios de forma gratuita.<\/p>\n<p>Por cada 10\u20ac de compra acumular\u00e1s 1 punto y con tus puntos acumulados generar\u00e1s bonos descuento para tu siguiente compra.<\/p>\n<p>Solic\u00edtala en tu farmacia y empieza a acumular puntos desde tu primera compra, o crea la tuya d\u00e1ndote de alta en nuestra p\u00e1gina web.<\/p>\n<div  class=\"dima-clear\" style=\"padding-bottom:40px\"><\/div><a   data-direction=\"down\" class=\"dima-button  dima-btn-no-rounded fill dima-btn-large float-center\" style=\"background-color:#24af0f\" href=\"https:\/\/www.farmaciastrebol.com\/iniciar-sesion?create_account=1\"  target=\"_blank\" rel=\"noopener\"  >Crea la tuya gratis<\/a>[\/vc_column_inner][\/vc_row_inner][\/vc_column][\/vc_row][vc_row bg_type=&#8221;bg_color&#8221; dima_canvas_style=&#8221;&#8221; translate_x=&#8221;0&#8243; dima_z_index=&#8221;0&#8243; delay=&#8221;&#8221; delay_duration=&#8221;&#8221; delay_offset=&#8221;&#8221; full_width=&#8221;wrap&#8221; top_and_bottom_padding=&#8221;&#8221; left_and_right_padding=&#8221;&#8221; id=&#8221;&#8221; class=&#8221;&#8221; style=&#8221;&#8221; bg_color=&#8221;#f1f1f1&#8243;][vc_column min_height=&#8221;&#8221; bg_type=&#8221;&#8221; dima_canvas_style=&#8221;&#8221; translate_x=&#8221;0&#8243; dima_z_index=&#8221;0&#8243; delay=&#8221;&#8221; delay_duration=&#8221;&#8221; delay_offset=&#8221;&#8221; top_and_bottom_padding=&#8221;&#8221; left_and_right_padding=&#8221;&#8221; width=&#8221;1\/1&#8243;]<div  class=\"dima-clear\" style=\"padding-bottom:5rem\"><\/div>[vc_row_inner bg_type=&#8221;&#8221; dima_canvas_style=&#8221;&#8221; translate_x=&#8221;0&#8243; dima_z_index=&#8221;0&#8243; top_and_bottom_padding=&#8221;&#8221; left_and_right_padding=&#8221;&#8221;][vc_column_inner delay=&#8221;&#8221; delay_duration=&#8221;&#8221; delay_offset=&#8221;&#8221; translate_x=&#8221;0&#8243; dima_z_index=&#8221;0&#8243; width=&#8221;1\/2&#8243; id=&#8221;&#8221; class=&#8221;&#8221; style=&#8221;&#8221; border_color=&#8221;&#8221;]<div class=\"column-item overflow-hidden text-center\"><img decoding=\"async\" width=\"500\" height=\"340\"  class=\"dima-img \" src=\"https:\/\/www.farmaciastrebol.com\/grupo\/wp-content\/uploads\/2019\/07\/tarjeta-tp-st.png\"   alt=\"\"><\/div>[\/vc_column_inner][vc_column_inner delay=&#8221;&#8221; delay_duration=&#8221;&#8221; delay_offset=&#8221;&#8221; translate_x=&#8221;0&#8243; dima_z_index=&#8221;0&#8243; width=&#8221;1\/2&#8243; id=&#8221;&#8221; class=&#8221;&#8221; style=&#8221;&#8221; border_color=&#8221;&#8221;]<div  class=\"dima-pricing-table \" ><a href=\"https:\/\/www.farmaciastrebol.com\/iniciar-sesion?create_account=1\" ><div  class=\"dima-pricing-col  pricing-style-callout featured box-shadow\"><div class=\"header di_header \"><h4 class=\"dima-table-title\">Tr\u00e9bol Plus Standard<\/h4><\/div><div class=\"dima-pricing-col-info \"><ul  class=\"icon-list\" style=\"text-align:left\"><li   ><i class=\"fa fa-check\"><\/i>Acumula 1 punto por cada 10 \u20ac consumidos<\/li><li   ><i class=\"fa fa-eur\"><\/i>Gana un bono de 3\u20ac por cada 6 puntos<\/li><li   ><i class=\"fa fa-gift\"><\/i>Canjea tus bonos en tu pr\u00f3xima compra<\/li><\/ul><\/div><\/div><\/a><\/div><div  class=\"dima-clear\" style=\"padding-bottom:40px\"><\/div><a   data-direction=\"down\" class=\"dima-button  dima-btn-no-rounded fill dima-btn-large float-center\" style=\"background-color:#24af0f\" href=\"https:\/\/www.farmaciastrebol.com\/iniciar-sesion?create_account=1\"  target=\"_blank\" rel=\"noopener\"  >Crea la tuya gratis<\/a>[\/vc_column_inner][\/vc_row_inner]<div  class=\"dima-clear\" style=\"padding-bottom:5rem\"><\/div>[\/vc_column][\/vc_row][vc_row bg_type=&#8221;bg_color&#8221; dima_canvas_style=&#8221;&#8221; translate_x=&#8221;0&#8243; dima_z_index=&#8221;0&#8243; delay=&#8221;&#8221; delay_duration=&#8221;&#8221; delay_offset=&#8221;&#8221; full_width=&#8221;wrap&#8221; top_and_bottom_padding=&#8221;&#8221; left_and_right_padding=&#8221;&#8221; id=&#8221;&#8221; class=&#8221;&#8221; style=&#8221;&#8221;][vc_column min_height=&#8221;&#8221; bg_type=&#8221;&#8221; dima_canvas_style=&#8221;&#8221; translate_x=&#8221;0&#8243; dima_z_index=&#8221;0&#8243; delay=&#8221;&#8221; delay_duration=&#8221;&#8221; delay_offset=&#8221;&#8221; top_and_bottom_padding=&#8221;&#8221; left_and_right_padding=&#8221;&#8221; width=&#8221;1\/1&#8243;]<div  class=\"dima-clear\" style=\"padding-bottom:5rem\"><\/div>[vc_row_inner bg_type=&#8221;&#8221; dima_canvas_style=&#8221;&#8221; translate_x=&#8221;0&#8243; dima_z_index=&#8221;0&#8243; top_and_bottom_padding=&#8221;&#8221; left_and_right_padding=&#8221;&#8221;][vc_column_inner delay=&#8221;&#8221; delay_duration=&#8221;&#8221; delay_offset=&#8221;&#8221; translate_x=&#8221;0&#8243; dima_z_index=&#8221;0&#8243; width=&#8221;1\/2&#8243; id=&#8221;&#8221; class=&#8221;&#8221; style=&#8221;&#8221; border_color=&#8221;&#8221;]<div class=\"column-item overflow-hidden text-center\"><img decoding=\"async\" width=\"500\" height=\"340\"  class=\"dima-img \" src=\"https:\/\/www.farmaciastrebol.com\/grupo\/wp-content\/uploads\/2019\/07\/tarjeta-tp-65.png\"   alt=\"\"><\/div>[\/vc_column_inner][vc_column_inner delay=&#8221;&#8221; delay_duration=&#8221;&#8221; delay_offset=&#8221;&#8221; translate_x=&#8221;0&#8243; dima_z_index=&#8221;0&#8243; width=&#8221;1\/2&#8243; id=&#8221;&#8221; class=&#8221;&#8221; style=&#8221;&#8221; border_color=&#8221;&#8221;]<div  class=\"dima-pricing-table \" style=\"background-color:#e95d0f\"><a href=\"https:\/\/www.farmaciastrebol.com\/iniciar-sesion?create_account=1\" ><div  class=\"dima-pricing-col  pricing-style-callout featured box-shadow\"><div class=\"header \"><h4 class=\"dima-table-title\">Tr\u00e9bol Plus +65<\/h4><\/div><div class=\"dima-pricing-col-info \"><ul  class=\"icon-list\" style=\"text-align:left\"><li   ><i class=\"fa fa-check\"><\/i>Acumula 1 punto por cada 10 \u20ac consumidos<\/li><li   ><i class=\"fa fa-eur\"><\/i>Gana un bono de 3\u20ac por cada 3 puntos<\/li><li   ><i class=\"fa fa-gift\"><\/i>Canjea tus bonos en tu pr\u00f3xima compra<\/li><\/ul><\/div><\/div><\/a><\/div><div  class=\"dima-clear\" style=\"padding-bottom:40px\"><\/div><a   data-direction=\"down\" class=\"dima-button  dima-btn-no-rounded fill dima-btn-large float-center\" style=\"background-color:#24af0f\" href=\"https:\/\/www.farmaciastrebol.com\/iniciar-sesion?create_account=1\"  target=\"_blank\" rel=\"noopener\"  >Crea la tuya gratis<\/a>[\/vc_column_inner][\/vc_row_inner]<div  class=\"dima-clear\" style=\"padding-bottom:5rem\"><\/div>[\/vc_column][\/vc_row][vc_row bg_type=&#8221;bg_color&#8221; dima_canvas_style=&#8221;&#8221; translate_x=&#8221;0&#8243; dima_z_index=&#8221;0&#8243; delay=&#8221;&#8221; delay_duration=&#8221;&#8221; delay_offset=&#8221;&#8221; full_width=&#8221;wrap&#8221; top_and_bottom_padding=&#8221;&#8221; left_and_right_padding=&#8221;&#8221; id=&#8221;&#8221; class=&#8221;&#8221; style=&#8221;&#8221; bg_color=&#8221;#f1f1f1&#8243;][vc_column min_height=&#8221;&#8221; bg_type=&#8221;&#8221; dima_canvas_style=&#8221;&#8221; translate_x=&#8221;0&#8243; dima_z_index=&#8221;0&#8243; delay=&#8221;&#8221; delay_duration=&#8221;&#8221; delay_offset=&#8221;&#8221; top_and_bottom_padding=&#8221;&#8221; left_and_right_padding=&#8221;&#8221; width=&#8221;1\/1&#8243;]<div  class=\"dima-clear\" style=\"padding-bottom:5rem\"><\/div>[vc_row_inner bg_type=&#8221;&#8221; dima_canvas_style=&#8221;&#8221; translate_x=&#8221;0&#8243; dima_z_index=&#8221;0&#8243; top_and_bottom_padding=&#8221;&#8221; left_and_right_padding=&#8221;&#8221;][vc_column_inner delay=&#8221;&#8221; delay_duration=&#8221;&#8221; delay_offset=&#8221;&#8221; translate_x=&#8221;0&#8243; dima_z_index=&#8221;0&#8243; width=&#8221;1\/2&#8243; id=&#8221;&#8221; class=&#8221;&#8221; style=&#8221;&#8221; border_color=&#8221;&#8221;]<div class=\"column-item overflow-hidden text-center\"><img loading=\"lazy\" decoding=\"async\" width=\"500\" height=\"340\"  class=\"dima-img \" src=\"https:\/\/www.farmaciastrebol.com\/grupo\/wp-content\/uploads\/2019\/07\/tarjeta-tp-fn.png\"   alt=\"\"><\/div>[\/vc_column_inner][vc_column_inner delay=&#8221;&#8221; delay_duration=&#8221;&#8221; delay_offset=&#8221;&#8221; translate_x=&#8221;0&#8243; dima_z_index=&#8221;0&#8243; width=&#8221;1\/2&#8243; id=&#8221;&#8221; class=&#8221;&#8221; style=&#8221;&#8221; border_color=&#8221;&#8221;]<div  class=\"dima-pricing-table \" style=\"background-color:#71cae6\"><a href=\"https:\/\/www.farmaciastrebol.com\/iniciar-sesion?create_account=1\" ><div  class=\"dima-pricing-col  pricing-style-callout featured box-shadow\"><div class=\"header \"><h4 class=\"dima-table-title\">Tr\u00e9bol Plus Familia Numerosa<\/h4><\/div><div class=\"dima-pricing-col-info \"><ul  class=\"icon-list\" style=\"text-align:left\"><li   ><i class=\"fa fa-check\"><\/i>Acumula 1 punto por cada 10 \u20ac consumidos<\/li><li   ><i class=\"fa fa-eur\"><\/i>Gana un bono de 4\u20ac por cada 5 puntos<\/li><li   ><i class=\"fa fa-gift\"><\/i>Canjea tus bonos en tu pr\u00f3xima compra<\/li><\/ul><\/div><\/div><\/a><\/div><div  class=\"dima-clear\" style=\"padding-bottom:40px\"><\/div><a   data-direction=\"down\" class=\"dima-button  dima-btn-no-rounded fill dima-btn-large float-center\" style=\"background-color:#24af0f\" href=\"https:\/\/www.farmaciastrebol.com\/iniciar-sesion?create_account=1\"  target=\"_blank\" rel=\"noopener\"  >Crea la tuya gratis<\/a>[\/vc_column_inner][\/vc_row_inner]<div  class=\"dima-clear\" style=\"padding-bottom:5rem\"><\/div>[\/vc_column][\/vc_row][vc_row bg_type=&#8221;bg_color&#8221; dima_canvas_style=&#8221;&#8221; translate_x=&#8221;0&#8243; dima_z_index=&#8221;0&#8243; delay=&#8221;&#8221; delay_duration=&#8221;&#8221; delay_offset=&#8221;&#8221; full_width=&#8221;wrap&#8221; top_and_bottom_padding=&#8221;&#8221; left_and_right_padding=&#8221;&#8221; id=&#8221;&#8221; class=&#8221;&#8221; style=&#8221;&#8221;][vc_column min_height=&#8221;&#8221; bg_type=&#8221;&#8221; dima_canvas_style=&#8221;&#8221; translate_x=&#8221;0&#8243; dima_z_index=&#8221;0&#8243; delay=&#8221;&#8221; delay_duration=&#8221;&#8221; delay_offset=&#8221;&#8221; top_and_bottom_padding=&#8221;&#8221; left_and_right_padding=&#8221;&#8221; width=&#8221;1\/1&#8243;]<div  class=\"dima-clear\" style=\"padding-bottom:5rem\"><\/div>[vc_row_inner bg_type=&#8221;&#8221; dima_canvas_style=&#8221;&#8221; translate_x=&#8221;0&#8243; dima_z_index=&#8221;0&#8243; top_and_bottom_padding=&#8221;&#8221; left_and_right_padding=&#8221;&#8221;][vc_column_inner delay=&#8221;&#8221; delay_duration=&#8221;&#8221; delay_offset=&#8221;&#8221; translate_x=&#8221;0&#8243; dima_z_index=&#8221;0&#8243; width=&#8221;1\/2&#8243; id=&#8221;&#8221; class=&#8221;&#8221; style=&#8221;&#8221; border_color=&#8221;&#8221;]<div class=\"column-item overflow-hidden text-center\"><img loading=\"lazy\" decoding=\"async\" width=\"500\" height=\"340\"  class=\"dima-img \" src=\"https:\/\/www.farmaciastrebol.com\/grupo\/wp-content\/uploads\/2023\/04\/tarjeta-trebol-plus-estudiantes1.png\"   alt=\"\"><\/div>[\/vc_column_inner][vc_column_inner delay=&#8221;&#8221; delay_duration=&#8221;&#8221; delay_offset=&#8221;&#8221; translate_x=&#8221;0&#8243; dima_z_index=&#8221;0&#8243; width=&#8221;1\/2&#8243; id=&#8221;&#8221; class=&#8221;&#8221; style=&#8221;&#8221; border_color=&#8221;&#8221;]<div  class=\"dima-pricing-table \" style=\"background-color:#e95d0f\"><a href=\"https:\/\/www.farmaciastrebol.com\/iniciar-sesion?create_account=1\" ><div  class=\"dima-pricing-col  pricing-style-callout featured box-shadow\"><div class=\"header \"><h4 class=\"dima-table-title\">Tr\u00e9bol Plus Estudiante<\/h4><\/div><div class=\"dima-pricing-col-info \"><ul  class=\"icon-list\" style=\"text-align:left\"><li   ><i class=\"fa fa-check\"><\/i>Acumula 1 punto por cada 10 \u20ac consumidos<\/li><li   >Gana un bono de 4\u20ac por cada 5 puntos<\/li><li   ><i class=\"fa fa-gift\"><\/i>Canjea tus bonos en tu pr\u00f3xima compra<\/li><\/ul><\/div><\/div><\/a><\/div><div  class=\"dima-clear\" style=\"padding-bottom:40px\"><\/div><a   data-direction=\"down\" class=\"dima-button  dima-btn-no-rounded fill dima-btn-large float-center\" style=\"background-color:#24af0f\" href=\"https:\/\/www.farmaciastrebol.com\/iniciar-sesion?create_account=1\"  target=\"_blank\" rel=\"noopener\"  >Crea la tuya gratis<\/a>[\/vc_column_inner][\/vc_row_inner]<div  class=\"dima-clear\" style=\"padding-bottom:5rem\"><\/div>[\/vc_column][\/vc_row][vc_row bg_type=&#8221;&#8221; dima_canvas_style=&#8221;&#8221; translate_x=&#8221;0&#8243; dima_z_index=&#8221;0&#8243; delay=&#8221;&#8221; delay_duration=&#8221;&#8221; delay_offset=&#8221;&#8221; top_and_bottom_padding=&#8221;&#8221; left_and_right_padding=&#8221;&#8221; id=&#8221;faq&#8221; class=&#8221;&#8221; style=&#8221;&#8221;][vc_column min_height=&#8221;&#8221; bg_type=&#8221;&#8221; dima_canvas_style=&#8221;&#8221; translate_x=&#8221;0&#8243; dima_z_index=&#8221;0&#8243; delay=&#8221;&#8221; delay_duration=&#8221;&#8221; delay_offset=&#8221;&#8221; top_and_bottom_padding=&#8221;&#8221; left_and_right_padding=&#8221;&#8221; width=&#8221;1\/1&#8243;][vc_row_inner bg_type=&#8221;&#8221; dima_canvas_style=&#8221;&#8221; translate_x=&#8221;0&#8243; dima_z_index=&#8221;0&#8243; top_and_bottom_padding=&#8221;&#8221; left_and_right_padding=&#8221;&#8221;][vc_column_inner delay=&#8221;&#8221; delay_duration=&#8221;&#8221; delay_offset=&#8221;&#8221; translate_x=&#8221;0&#8243; dima_z_index=&#8221;0&#8243; width=&#8221;1\/1&#8243; id=&#8221;&#8221; class=&#8221;&#8221; style=&#8221;&#8221; border_color=&#8221;&#8221;]<h1  class=\"dima-custom-heading\" >Preguntas Frecuentes<\/h1>[\/vc_column_inner][\/vc_row_inner][vc_row_inner bg_type=&#8221;&#8221; dima_canvas_style=&#8221;&#8221; translate_x=&#8221;0&#8243; dima_z_index=&#8221;0&#8243; top_and_bottom_padding=&#8221;&#8221; left_and_right_padding=&#8221;&#8221; id=&#8221;&#8221; class=&#8221;&#8221; style=&#8221;&#8221; border_color=&#8221;&#8221;][vc_column_inner animation=&#8221;fadeIn&#8221; delay=&#8221;300&#8243; delay_duration=&#8221;&#8221; delay_offset=&#8221;70%&#8221; translate_x=&#8221;0&#8243; dima_z_index=&#8221;0&#8243; width=&#8221;1\/1&#8243; id=&#8221;&#8221; class=&#8221;&#8221; style=&#8221;&#8221;][vc_toggle title=&#8221;\u00bfCon qu\u00e9 productos consigo puntos?&#8221; style=&#8221;arrow&#8221; css_animation=&#8221;bounceIn&#8221;]Conseguir\u00e1s un punto por cada 10 euros de compra en productos de:<\/p>\n<ul>\n<li>Cosm\u00e9tica<\/li>\n<li>Higiene<\/li>\n<li>Diet\u00e9tica infantil (excluidas leches de iniciaci\u00f3n y leches especiales)<\/li>\n<li>Cuidado del beb\u00e9, embarazo y lactancia<\/li>\n<li>Diet\u00e9tica y complementos alimenticios (excepto productos de Souvenaid)<\/li>\n<li>Cuidado personal<\/li>\n<li>\u00d3ptica<\/li>\n<li>Ortopedia<\/li>\n<li>Otros productos de parafarmacia.<\/li>\n<li>EFPs (Especialidades Farmac\u00e9uticas Publicitables)*<\/li>\n<\/ul>\n<p>*Con la tarjeta Tr\u00e9bol Plus acumular\u00e1s descuentos en tus compras de EFPs, aunque no podr\u00e1s canjear tus bonos con este tipo de producto.<\/p>\n<p>*No acumulan puntos los productos que est\u00e9n en ese mismo momento en la promoci\u00f3n Tr\u00e9bol 5.[\/vc_toggle][vc_toggle title=&#8221;\u00bfQu\u00e9 servicios son gratuitos con mi Tr\u00e9bol Plus?&#8221; style=&#8221;arrow&#8221; css_animation=&#8221;bounceIn&#8221;]Con tu tarjeta Tr\u00e9bol Plus tendr\u00e1s acceso gratuito a todos los servicios que encontrar\u00e1s en Farmacias Tr\u00e9bol Puedes consultar los servicios disponibles en el siguiente <a href=\"https:\/\/farmaciastrebol.com\/grupo\/servicios-en-farmacias-trebol\/\">enlace<\/a>[\/vc_toggle][vc_toggle title=&#8221;\u00bfD\u00f3nde puedo consultar mis puntos y bonos acumulados?&#8221; style=&#8221;arrow&#8221; css_animation=&#8221;bounceIn&#8221;]Para consultar tus puntos y bonos acumulados solo tienes que darte de alta en nuestra web e introducir tu n\u00famero de tarjeta durante el registro.<\/p>\n<p>Tambi\u00e9n puedes llevar tu tarjeta de forma digital descarg\u00e1ndote y registr\u00e1ndote en nuestra App con tu n\u00famero de tarjeta, o creando una nueva.<\/p>\n<p><a href=\"http:\/\/reskyt.com\/app\/farmaciastrebol\" target=\"_blank\" rel=\"noopener noreferrer\"><img decoding=\"async\" style=\"max-width: 200px; padding: 20px;\" src=\"https:\/\/farmaciastrebol.com\/grupo\/wp-content\/uploads\/2019\/08\/google-play.gif\" \/><img decoding=\"async\" style=\"max-width: 200px; padding: 20px;\" src=\"https:\/\/farmaciastrebol.com\/grupo\/wp-content\/uploads\/2019\/08\/apple-store.gif\" \/><\/a>[\/vc_toggle][vc_toggle title=&#8221;\u00bfPuedo utilizar mi tarjeta Tr\u00e9bol Plus en mis compras online?&#8221; style=&#8221;arrow&#8221; css_animation=&#8221;bounceIn&#8221;]S\u00ed, podr\u00e1s canjear los bonos tanto en nuestra web como en cualquier Farmacia Tr\u00e9bol.[\/vc_toggle][\/vc_column_inner][\/vc_row_inner][\/vc_column][\/vc_row]<\/p>\n<\/section>","protected":false},"excerpt":{"rendered":"<p>[vc_row bg_type=&#8221;&#8221; dima_canvas_style=&#8221;&#8221; translate_x=&#8221;0&#8243; dima_z_index=&#8221;0&#8243; delay=&#8221;&#8221; delay_duration=&#8221;&#8221; delay_offset=&#8221;&#8221; top_and_bottom_padding=&#8221;0px&#8221; left_and_right_padding=&#8221;&#8221; id=&#8221;&#8221; class=&#8221;&#8221; style=&#8221;padding-bottom:0px; padding-top:100px&#8221;][vc_column min_height=&#8221;&#8221; bg_type=&#8221;&#8221; dima_canvas_style=&#8221;&#8221; translate_x=&#8221;0&#8243; dima_z_index=&#8221;0&#8243; delay=&#8221;&#8221; delay_duration=&#8221;&#8221; delay_offset=&#8221;&#8221; top_and_bottom_padding=&#8221;&#8221; left_and_right_padding=&#8221;&#8221; width=&#8221;1\/1&#8243;][vc_row_inner bg_type=&#8221;&#8221; dima_canvas_style=&#8221;&#8221; translate_x=&#8221;0&#8243; dima_z_index=&#8221;0&#8243; top_and_bottom_padding=&#8221;&#8221; left_and_right_padding=&#8221;&#8221; id=&#8221;&#8221; class=&#8221;&#8221; style=&#8221;padding-bottom:0px&#8221;][vc_column_inner delay=&#8221;&#8221; delay_duration=&#8221;&#8221; delay_offset=&#8221;&#8221; visibility_xld=&#8221;visible&#8221; visibility_ld=&#8221;visible&#8221; visibility_md=&#8221;visible&#8221; visibility_sd=&#8221;hidden&#8221; translate_x=&#8221;0&#8243; dima_z_index=&#8221;0&#8243; width=&#8221;1\/2&#8243; id=&#8221;&#8221; class=&#8221;&#8221; style=&#8221;&#8221; border_color=&#8221;&#8221;][\/vc_column_inner][vc_column_inner delay=&#8221;&#8221; delay_duration=&#8221;&#8221; delay_offset=&#8221;&#8221; translate_x=&#8221;0&#8243; dima_z_index=&#8221;0&#8243; width=&#8221;1\/2&#8243; id=&#8221;&#8221; [&hellip;]<\/p>\n","protected":false},"author":2,"featured_media":0,"parent":12,"menu_order":0,"comment_status":"closed","ping_status":"open","template":"","meta":{"footnotes":""},"class_list":["post-1163","page","type-page","status-publish","hentry"],"aioseo_notices":[],"amp_enabled":true,"_links":{"self":[{"href":"https:\/\/www.farmaciastrebol.com\/grupo\/wp-json\/wp\/v2\/pages\/1163","targetHints":{"allow":["GET"]}}],"collection":[{"href":"https:\/\/www.farmaciastrebol.com\/grupo\/wp-json\/wp\/v2\/pages"}],"about":[{"href":"https:\/\/www.farmaciastrebol.com\/grupo\/wp-json\/wp\/v2\/types\/page"}],"author":[{"embeddable":true,"href":"https:\/\/www.farmaciastrebol.com\/grupo\/wp-json\/wp\/v2\/users\/2"}],"replies":[{"embeddable":true,"href":"https:\/\/www.farmaciastrebol.com\/grupo\/wp-json\/wp\/v2\/comments?post=1163"}],"version-history":[{"count":92,"href":"https:\/\/www.farmaciastrebol.com\/grupo\/wp-json\/wp\/v2\/pages\/1163\/revisions"}],"predecessor-version":[{"id":127959,"href":"https:\/\/www.farmaciastrebol.com\/grupo\/wp-json\/wp\/v2\/pages\/1163\/revisions\/127959"}],"up":[{"embeddable":true,"href":"https:\/\/www.farmaciastrebol.com\/grupo\/wp-json\/wp\/v2\/pages\/12"}],"wp:attachment":[{"href":"https:\/\/www.farmaciastrebol.com\/grupo\/wp-json\/wp\/v2\/media?parent=1163"}],"curies":[{"name":"wp","href":"https:\/\/api.w.org\/{rel}","templated":true}]}}