{"id":1649,"date":"2019-08-14T12:16:51","date_gmt":"2019-08-14T12:16:51","guid":{"rendered":"https:\/\/grupo.farmaciastrebol.com\/?page_id=1649"},"modified":"2021-09-24T08:35:28","modified_gmt":"2021-09-24T08:35:28","slug":"farmacia-trebol-conde-de-penalver","status":"publish","type":"page","link":"https:\/\/www.farmaciastrebol.com\/grupo\/farmacias\/farmacia-trebol-conde-de-penalver\/","title":{"rendered":"Farmacia Tr\u00e9bol Conde de Pe\u00f1alver"},"content":{"rendered":"<section class=\"wpb-content-wrapper\"><p>[vc_row bg_type=&#8221;bg_color&#8221; dima_canvas_style=&#8221;&#8221; translate_x=&#8221;0&#8243; dima_z_index=&#8221;0&#8243; delay=&#8221;&#8221; delay_duration=&#8221;&#8221; delay_offset=&#8221;&#8221; top_and_bottom_padding=&#8221;&#8221; left_and_right_padding=&#8221;&#8221; id=&#8221;&#8221; class=&#8221;&#8221; style=&#8221;&#8221; bg_color=&#8221;#f9f9f9&#8243;][vc_column min_height=&#8221;&#8221; bg_type=&#8221;&#8221; dima_canvas_style=&#8221;&#8221; translate_x=&#8221;0&#8243; dima_z_index=&#8221;0&#8243; delay=&#8221;&#8221; delay_duration=&#8221;&#8221; delay_offset=&#8221;&#8221; top_and_bottom_padding=&#8221;&#8221; left_and_right_padding=&#8221;&#8221; width=&#8221;1\/3&#8243;]<div  class=\"container\" ><div class=\"ok-row\"><div  class=\" ok-sd-6 ok-xsd-12\"  data-animate=fadeInUp><div  class=\"dima-iconbox no-box text-center features-box\" ><header  class=\"icon-box-header\" ><span style=\"color:#24af0f;\" class=\"svg_icon  icon-box-larg  icon-box-hover\" ><i class=\"fa fa-map-pin\"><\/i><\/span><\/header><div  class=\"features-content\" ><h5 class=\"features-title\" ><\/h5>C\/ Conde de Pe\u00f1alver, 80<\/p>\n<p>28006, Madrid<\/div><\/div><\/div><\/div><\/div>[\/vc_column][vc_column min_height=&#8221;&#8221; bg_type=&#8221;&#8221; dima_canvas_style=&#8221;&#8221; translate_x=&#8221;0&#8243; dima_z_index=&#8221;0&#8243; delay=&#8221;&#8221; delay_duration=&#8221;&#8221; delay_offset=&#8221;&#8221; top_and_bottom_padding=&#8221;&#8221; left_and_right_padding=&#8221;&#8221; width=&#8221;1\/3&#8243;]<div  class=\"container\" ><div class=\"ok-row\"><div  class=\" ok-sd-6 ok-xsd-12\"  data-animate=fadeInUp><div  class=\"dima-iconbox no-box text-center features-box\" ><header  class=\"icon-box-header\" ><span style=\"color:#24af0f;\" class=\"svg_icon  icon-box-larg  icon-box-hover\" ><i class=\"fa fa-phone\"><\/i><\/span><\/header><div  class=\"features-content\" ><h5 class=\"features-title\" ><\/h5>91 402 11 71<\/div><\/div><\/div><\/div><\/div>[\/vc_column][vc_column min_height=&#8221;&#8221; bg_type=&#8221;&#8221; dima_canvas_style=&#8221;&#8221; translate_x=&#8221;0&#8243; dima_z_index=&#8221;0&#8243; delay=&#8221;&#8221; delay_duration=&#8221;&#8221; delay_offset=&#8221;&#8221; top_and_bottom_padding=&#8221;&#8221; left_and_right_padding=&#8221;&#8221; width=&#8221;1\/3&#8243;]<div  class=\"container\" ><div class=\"ok-row\"><div  class=\" ok-sd-6 ok-xsd-12\"  data-animate=fadeInUp><div  class=\"dima-iconbox no-box text-center features-box\" ><header  class=\"icon-box-header\" ><span style=\"color:#24af0f;\" class=\"svg_icon  icon-box-larg  icon-box-hover\" ><i class=\"fa fa-clock-o\"><\/i><\/span><\/header><div  class=\"features-content\" ><h5 class=\"features-title\" ><\/h5>Abrimos de 9:00 a 23:00<\/p>\n<p>Todos los d\u00edas del a\u00f1o<\/div><\/div><\/div><\/div><\/div>[\/vc_column][\/vc_row][vc_row dark=&#8221;true&#8221; bg_type=&#8221;bg_color&#8221; dima_canvas_style=&#8221;&#8221; translate_x=&#8221;0&#8243; dima_z_index=&#8221;0&#8243; delay=&#8221;&#8221; delay_duration=&#8221;&#8221; delay_offset=&#8221;&#8221; top_and_bottom_padding=&#8221;&#8221; left_and_right_padding=&#8221;&#8221; id=&#8221;&#8221; class=&#8221;&#8221; style=&#8221;&#8221; bg_color=&#8221;#ffffff&#8221;][vc_column min_height=&#8221;&#8221; bg_type=&#8221;&#8221; dima_canvas_style=&#8221;&#8221; translate_x=&#8221;0&#8243; dima_z_index=&#8221;0&#8243; delay=&#8221;&#8221; delay_duration=&#8221;&#8221; delay_offset=&#8221;&#8221; top_and_bottom_padding=&#8221;&#8221; left_and_right_padding=&#8221;&#8221; width=&#8221;1\/1&#8243;][vc_row_inner bg_type=&#8221;&#8221; dima_canvas_style=&#8221;&#8221; translate_x=&#8221;0&#8243; dima_z_index=&#8221;0&#8243; full_width=&#8221;wrap&#8221; top_and_bottom_padding=&#8221;&#8221; left_and_right_padding=&#8221;&#8221; id=&#8221;&#8221; class=&#8221;&#8221; style=&#8221;&#8221;][vc_column_inner animation=&#8221;fadeInUp&#8221; delay=&#8221;&#8221; delay_duration=&#8221;&#8221; delay_offset=&#8221;90%&#8221; translate_x=&#8221;0&#8243; dima_z_index=&#8221;0&#8243; width=&#8221;1\/1&#8243; id=&#8221;&#8221; class=&#8221;&#8221; style=&#8221;&#8221;]<h2>Servicios destacados<\/h2>\n<div  class=\"dima-clear\" style=\"padding-bottom:50px\"><\/div>[\/vc_column_inner][\/vc_row_inner][vc_row_inner bg_type=&#8221;&#8221; dima_canvas_style=&#8221;&#8221; translate_x=&#8221;0&#8243; dima_z_index=&#8221;0&#8243; top_and_bottom_padding=&#8221;&#8221; left_and_right_padding=&#8221;&#8221;][vc_column_inner animation=&#8221;fadeInUp&#8221; delay=&#8221;&#8221; delay_duration=&#8221;&#8221; delay_offset=&#8221;90%&#8221; translate_x=&#8221;0&#8243; dima_z_index=&#8221;0&#8243; width=&#8221;1\/3&#8243; id=&#8221;&#8221; class=&#8221;&#8221; style=&#8221;&#8221;]<div  class=\"dima-iconbox no-box text-center features-box\" ><header  class=\"icon-box-header\" ><i style=\"color:#757575;\" class=\"simple-icon-minus  icon-box-medium icon-box-hover\"><\/i><\/header><div  class=\"features-content\" ><h5 class=\"features-title\" >SPD<\/h5>Servicio Personalizado de Dosificaci\u00f3n de medicamentos. Separamos tu medicaci\u00f3n por toma en c\u00f3modas bolsitas individuales preparadas con la m\u00e1xima seguridad.<\/div><\/div>[\/vc_column_inner][vc_column_inner animation=&#8221;fadeInUp&#8221; delay=&#8221;&#8221; delay_duration=&#8221;&#8221; delay_offset=&#8221;90%&#8221; translate_x=&#8221;0&#8243; dima_z_index=&#8221;0&#8243; width=&#8221;1\/3&#8243; id=&#8221;&#8221; class=&#8221;&#8221; style=&#8221;&#8221;]<div  class=\"dima-iconbox no-box text-center features-box\" ><header  class=\"icon-box-header\" ><i style=\"color:#757575;\" class=\"simple-icon-chemistry  icon-box-medium icon-box-hover\"><\/i><\/header><div  class=\"features-content\" ><h5 class=\"features-title\" >F\u00f3rmulas Magistrales<\/h5>Productos oficinales y f\u00f3rmulas preparadas seg\u00fan la prescripci\u00f3n de tu m\u00e9dico. Seguimos todos los est\u00e1ndares de calidad y seguridad exigidos por ley.<\/div><\/div>[\/vc_column_inner][vc_column_inner animation=&#8221;fadeInUp&#8221; delay=&#8221;&#8221; delay_duration=&#8221;&#8221; delay_offset=&#8221;90%&#8221; translate_x=&#8221;0&#8243; dima_z_index=&#8221;0&#8243; width=&#8221;1\/3&#8243; id=&#8221;&#8221; class=&#8221;&#8221; style=&#8221;&#8221;]<div  class=\"dima-iconbox no-box text-center features-box\" ><header  class=\"icon-box-header\" ><i style=\"color:#757575;\" class=\"simple-icon-people  icon-box-medium icon-box-hover\"><\/i><\/header><div  class=\"features-content\" ><h5 class=\"features-title\" >Atenci\u00f3n Farmac\u00e9utica<\/h5>Queremos ayudarte a saber m\u00e1s sobre tus problemas de salud, mejorar la toma de medicamentos, controlar tus tratamientos, solucionar tus dudas sobre medicaci\u00f3n&#8230;<\/div><\/div>[\/vc_column_inner][\/vc_row_inner]<div  class=\"dima-clear\" style=\"padding-bottom:60px\"><\/div><div  class=\"container\" ><div class=\"ok-row\"><div  class=\" ok-sd-6 ok-xsd-12\" style=\"text-align:center;color:white\" data-animate=fadeInUp><a  id=\"cita-conde-penalver\" data-direction=\"down\" class=\"dima-button fill dima-btn-small float-center\"  href=\"#\"    >Pide cita<\/a><\/div><\/div><\/div>[\/vc_column][\/vc_row][vc_row bg_type=&#8221;bg_color&#8221; dima_canvas_style=&#8221;&#8221; translate_x=&#8221;0&#8243; dima_z_index=&#8221;0&#8243; delay=&#8221;&#8221; delay_duration=&#8221;&#8221; delay_offset=&#8221;&#8221; top_and_bottom_padding=&#8221;&#8221; left_and_right_padding=&#8221;&#8221; id=&#8221;&#8221; class=&#8221;&#8221; style=&#8221;&#8221; bg_color=&#8221;#f7f7f7&#8243;][vc_column min_height=&#8221;&#8221; bg_type=&#8221;&#8221; dima_canvas_style=&#8221;&#8221; translate_x=&#8221;0&#8243; dima_z_index=&#8221;0&#8243; delay=&#8221;&#8221; delay_duration=&#8221;&#8221; delay_offset=&#8221;&#8221; top_and_bottom_padding=&#8221;&#8221; left_and_right_padding=&#8221;&#8221; width=&#8221;2\/3&#8243;]<div id=\"dima-gmap-1\" class=\"dima-maps dima-google-map\" data-dima-element=\"google_map\" data-dima-params=\"{&quot;lat&quot;:&quot;40.4327974&quot;,&quot;lng&quot;:&quot;-3.6748405&quot;,&quot;zoom&quot;:&quot;16&quot;,&quot;zoomControl&quot;:true,&quot;hue&quot;:&quot;&quot;,&quot;height&quot;:&quot;500px&quot;,&quot;width&quot;:&quot;100%&quot;,&quot;drag&quot;:true}\" ><div id=\"dima-gmap-in-1\" class=\" dima-gmap-in\"><\/div><div class=\"dima-gmap-marker\" data-dima-element=\"google_map_marker\" data-dima-params=\"{&quot;lat&quot;:&quot;40.4327974&quot;,&quot;lng&quot;:&quot;-3.6748405&quot;,&quot;info&quot;:&quot;&quot;}\"><\/div><\/div>[\/vc_column][vc_column min_height=&#8221;&#8221; bg_type=&#8221;&#8221; dima_canvas_style=&#8221;&#8221; translate_x=&#8221;0&#8243; dima_z_index=&#8221;0&#8243; delay=&#8221;&#8221; delay_duration=&#8221;&#8221; delay_offset=&#8221;&#8221; top_and_bottom_padding=&#8221;&#8221; left_and_right_padding=&#8221;&#8221; width=&#8221;1\/3&#8243;]<div  class=\"dima-tabs  dima-tab-style columns-2-tab\" ><ul class=\"dima-tab-nav top\"><li  class=\"tab active\" ><a href=\"#tab-1\" data-toggle=\"tab\"><i class=\"fa fa-user\"><\/i>Contacto<\/a><\/li><li  class=\"tab\" ><a href=\"#tab-2\" data-toggle=\"tab\"><i class=\"fa fa-shopping-cart\"><\/i>Pedido online<\/a><\/li><\/ul><div  class=\"dima-tab-content\" ><div id=\"tab-1\" class=\"tab-pane fade in clearfix dima-tab_content fade in active\" >\n<div class=\"wpcf7 no-js\" id=\"wpcf7-f1550-o1\" lang=\"es-ES\" dir=\"ltr\" data-wpcf7-id=\"1550\">\n<div class=\"screen-reader-response\"><p role=\"status\" aria-live=\"polite\" aria-atomic=\"true\"><\/p> <ul><\/ul><\/div>\n<form action=\"\/grupo\/wp-json\/wp\/v2\/pages\/1649#wpcf7-f1550-o1\" method=\"post\" class=\"wpcf7-form init\" aria-label=\"Formulario de contacto\" novalidate=\"novalidate\" data-status=\"init\">\n<fieldset class=\"hidden-fields-container\"><input type=\"hidden\" name=\"_wpcf7\" value=\"1550\" \/><input type=\"hidden\" name=\"_wpcf7_version\" value=\"6.1.4\" \/><input type=\"hidden\" name=\"_wpcf7_locale\" value=\"es_ES\" \/><input type=\"hidden\" name=\"_wpcf7_unit_tag\" value=\"wpcf7-f1550-o1\" \/><input type=\"hidden\" name=\"_wpcf7_container_post\" value=\"0\" \/><input type=\"hidden\" name=\"_wpcf7_posted_data_hash\" value=\"\" \/><input type=\"hidden\" name=\"_wpcf7_recaptcha_response\" value=\"\" \/>\n<\/fieldset>\n<p><label> Tu nombre (requerido)<br \/>\n<span class=\"wpcf7-form-control-wrap\" data-name=\"your-name\"><input size=\"40\" maxlength=\"400\" class=\"wpcf7-form-control wpcf7-text wpcf7-validates-as-required\" aria-required=\"true\" aria-invalid=\"false\" value=\"\" type=\"text\" name=\"your-name\" \/><\/span> <\/label>\n<\/p>\n<p><label> Tu correo electr\u00f3nico (requerido)<br \/>\n<span class=\"wpcf7-form-control-wrap\" data-name=\"your-email\"><input size=\"40\" maxlength=\"400\" class=\"wpcf7-form-control wpcf7-email wpcf7-validates-as-required wpcf7-text wpcf7-validates-as-email\" aria-required=\"true\" aria-invalid=\"false\" value=\"\" type=\"email\" name=\"your-email\" \/><\/span> <\/label>\n<\/p>\n<p><label> Tu mensaje<br \/>\n<span class=\"wpcf7-form-control-wrap\" data-name=\"your-message\"><textarea cols=\"40\" rows=\"10\" maxlength=\"2000\" class=\"wpcf7-form-control wpcf7-textarea\" aria-invalid=\"false\" name=\"your-message\"><\/textarea><\/span> <\/label>\n<\/p>\n<p><input class=\"wpcf7-form-control wpcf7-submit has-spinner\" type=\"submit\" value=\"Enviar\" \/>\n<\/p><p style=\"display: none !important;\" class=\"akismet-fields-container\" data-prefix=\"_wpcf7_ak_\"><label>&#916;<textarea name=\"_wpcf7_ak_hp_textarea\" cols=\"45\" rows=\"8\" maxlength=\"100\"><\/textarea><\/label><input type=\"hidden\" id=\"ak_js_1\" name=\"_wpcf7_ak_js\" value=\"209\"\/><script>document.getElementById( \"ak_js_1\" ).setAttribute( \"value\", ( new Date() ).getTime() );<\/script><\/p><input type='hidden' class='wpcf7-pum' value='{\"closepopup\":true,\"closedelay\":2,\"openpopup\":false,\"openpopup_id\":0}' \/><div class=\"wpcf7-response-output\" aria-hidden=\"true\"><\/div>\n<\/form>\n<\/div>\n<\/div><div id=\"tab-2\" class=\"tab-pane fade in clearfix dima-tab_content\" >\n<div class=\"wpcf7 no-js\" id=\"wpcf7-f1681-o2\" lang=\"es-ES\" dir=\"ltr\" data-wpcf7-id=\"1681\">\n<div class=\"screen-reader-response\"><p role=\"status\" aria-live=\"polite\" aria-atomic=\"true\"><\/p> <ul><\/ul><\/div>\n<form action=\"\/grupo\/wp-json\/wp\/v2\/pages\/1649#wpcf7-f1681-o2\" method=\"post\" class=\"wpcf7-form init\" aria-label=\"Formulario de contacto\" novalidate=\"novalidate\" data-status=\"init\">\n<fieldset class=\"hidden-fields-container\"><input type=\"hidden\" name=\"_wpcf7\" value=\"1681\" \/><input type=\"hidden\" name=\"_wpcf7_version\" value=\"6.1.4\" \/><input type=\"hidden\" name=\"_wpcf7_locale\" value=\"es_ES\" \/><input type=\"hidden\" name=\"_wpcf7_unit_tag\" value=\"wpcf7-f1681-o2\" \/><input type=\"hidden\" name=\"_wpcf7_container_post\" value=\"0\" \/><input type=\"hidden\" name=\"_wpcf7_posted_data_hash\" value=\"\" \/><input type=\"hidden\" name=\"_wpcf7_recaptcha_response\" value=\"\" \/>\n<\/fieldset>\n<p><label> Tu nombre (requerido)<br \/>\n<span class=\"wpcf7-form-control-wrap\" data-name=\"your-name\"><input size=\"40\" maxlength=\"400\" class=\"wpcf7-form-control wpcf7-text wpcf7-validates-as-required\" aria-required=\"true\" aria-invalid=\"false\" value=\"\" type=\"text\" name=\"your-name\" \/><\/span> <\/label>\n<\/p>\n<p><label> Tu correo electr\u00f3nico (requerido)<br \/>\n<span class=\"wpcf7-form-control-wrap\" data-name=\"your-email\"><input size=\"40\" maxlength=\"400\" class=\"wpcf7-form-control wpcf7-email wpcf7-validates-as-required wpcf7-text wpcf7-validates-as-email\" aria-required=\"true\" aria-invalid=\"false\" value=\"\" type=\"email\" name=\"your-email\" \/><\/span> <\/label>\n<\/p>\n<p><label> Tu pedido<br \/>\n<span class=\"wpcf7-form-control-wrap\" data-name=\"your-message\"><textarea cols=\"40\" rows=\"10\" maxlength=\"2000\" class=\"wpcf7-form-control wpcf7-textarea\" aria-invalid=\"false\" name=\"your-message\"><\/textarea><\/span> <\/label>\n<\/p>\n<p><input class=\"wpcf7-form-control wpcf7-submit has-spinner\" type=\"submit\" value=\"Enviar\" \/>\n<\/p><p style=\"display: none !important;\" class=\"akismet-fields-container\" data-prefix=\"_wpcf7_ak_\"><label>&#916;<textarea name=\"_wpcf7_ak_hp_textarea\" cols=\"45\" rows=\"8\" maxlength=\"100\"><\/textarea><\/label><input type=\"hidden\" id=\"ak_js_2\" name=\"_wpcf7_ak_js\" value=\"76\"\/><script>document.getElementById( \"ak_js_2\" ).setAttribute( \"value\", ( new Date() ).getTime() );<\/script><\/p><input type='hidden' class='wpcf7-pum' value='{\"closepopup\":true,\"closedelay\":2,\"openpopup\":false,\"openpopup_id\":0}' \/><div class=\"wpcf7-response-output\" aria-hidden=\"true\"><\/div>\n<\/form>\n<\/div>\n<\/div><\/div><\/div>[\/vc_column][\/vc_row]<\/p>\n<\/section>","protected":false},"excerpt":{"rendered":"<p>[vc_row bg_type=&#8221;bg_color&#8221; dima_canvas_style=&#8221;&#8221; translate_x=&#8221;0&#8243; dima_z_index=&#8221;0&#8243; delay=&#8221;&#8221; delay_duration=&#8221;&#8221; delay_offset=&#8221;&#8221; top_and_bottom_padding=&#8221;&#8221; left_and_right_padding=&#8221;&#8221; id=&#8221;&#8221; class=&#8221;&#8221; style=&#8221;&#8221; bg_color=&#8221;#f9f9f9&#8243;][vc_column min_height=&#8221;&#8221; bg_type=&#8221;&#8221; dima_canvas_style=&#8221;&#8221; translate_x=&#8221;0&#8243; dima_z_index=&#8221;0&#8243; delay=&#8221;&#8221; delay_duration=&#8221;&#8221; delay_offset=&#8221;&#8221; top_and_bottom_padding=&#8221;&#8221; left_and_right_padding=&#8221;&#8221; width=&#8221;1\/3&#8243;][\/vc_column][vc_column min_height=&#8221;&#8221; bg_type=&#8221;&#8221; dima_canvas_style=&#8221;&#8221; translate_x=&#8221;0&#8243; dima_z_index=&#8221;0&#8243; delay=&#8221;&#8221; delay_duration=&#8221;&#8221; delay_offset=&#8221;&#8221; top_and_bottom_padding=&#8221;&#8221; left_and_right_padding=&#8221;&#8221; width=&#8221;1\/3&#8243;][\/vc_column][vc_column min_height=&#8221;&#8221; bg_type=&#8221;&#8221; dima_canvas_style=&#8221;&#8221; translate_x=&#8221;0&#8243; dima_z_index=&#8221;0&#8243; delay=&#8221;&#8221; delay_duration=&#8221;&#8221; delay_offset=&#8221;&#8221; top_and_bottom_padding=&#8221;&#8221; left_and_right_padding=&#8221;&#8221; width=&#8221;1\/3&#8243;][\/vc_column][\/vc_row][vc_row dark=&#8221;true&#8221; bg_type=&#8221;bg_color&#8221; dima_canvas_style=&#8221;&#8221; translate_x=&#8221;0&#8243; dima_z_index=&#8221;0&#8243; delay=&#8221;&#8221; delay_duration=&#8221;&#8221; delay_offset=&#8221;&#8221; [&hellip;]<\/p>\n","protected":false},"author":3,"featured_media":0,"parent":12,"menu_order":0,"comment_status":"closed","ping_status":"open","template":"","meta":{"footnotes":""},"class_list":["post-1649","page","type-page","status-publish","hentry"],"aioseo_notices":[],"amp_enabled":true,"_links":{"self":[{"href":"https:\/\/www.farmaciastrebol.com\/grupo\/wp-json\/wp\/v2\/pages\/1649","targetHints":{"allow":["GET"]}}],"collection":[{"href":"https:\/\/www.farmaciastrebol.com\/grupo\/wp-json\/wp\/v2\/pages"}],"about":[{"href":"https:\/\/www.farmaciastrebol.com\/grupo\/wp-json\/wp\/v2\/types\/page"}],"author":[{"embeddable":true,"href":"https:\/\/www.farmaciastrebol.com\/grupo\/wp-json\/wp\/v2\/users\/3"}],"replies":[{"embeddable":true,"href":"https:\/\/www.farmaciastrebol.com\/grupo\/wp-json\/wp\/v2\/comments?post=1649"}],"version-history":[{"count":11,"href":"https:\/\/www.farmaciastrebol.com\/grupo\/wp-json\/wp\/v2\/pages\/1649\/revisions"}],"predecessor-version":[{"id":3287,"href":"https:\/\/www.farmaciastrebol.com\/grupo\/wp-json\/wp\/v2\/pages\/1649\/revisions\/3287"}],"up":[{"embeddable":true,"href":"https:\/\/www.farmaciastrebol.com\/grupo\/wp-json\/wp\/v2\/pages\/12"}],"wp:attachment":[{"href":"https:\/\/www.farmaciastrebol.com\/grupo\/wp-json\/wp\/v2\/media?parent=1649"}],"curies":[{"name":"wp","href":"https:\/\/api.w.org\/{rel}","templated":true}]}}