{"id":16759,"date":"2022-09-29T02:37:41","date_gmt":"2022-09-29T02:37:41","guid":{"rendered":"https:\/\/grupo.farmaciastrebol.com\/?page_id=16759"},"modified":"2024-04-09T08:08:21","modified_gmt":"2024-04-09T08:08:21","slug":"central-farmacias-trebol","status":"publish","type":"page","link":"https:\/\/www.farmaciastrebol.com\/grupo\/central-farmacias-trebol\/","title":{"rendered":"Central Farmacias Tr\u00e9bol"},"content":{"rendered":"\t\t<div data-elementor-type=\"wp-page\" data-elementor-id=\"16759\" class=\"elementor elementor-16759\" data-elementor-post-type=\"page\">\n\t\t\t\t\t\t<section class=\"elementor-section elementor-top-section elementor-element elementor-element-217f7bd elementor-section-boxed elementor-section-height-default elementor-section-height-default\" data-id=\"217f7bd\" data-element_type=\"section\">\n\t\t\t\t\t\t<div class=\"elementor-container elementor-column-gap-default\">\n\t\t\t\t\t<div class=\"elementor-column elementor-col-100 elementor-top-column elementor-element elementor-element-ed75a49\" data-id=\"ed75a49\" data-element_type=\"column\">\n\t\t\t<div class=\"elementor-widget-wrap elementor-element-populated\">\n\t\t\t\t\t\t<div class=\"elementor-element elementor-element-86146ab elementor-widget elementor-widget-slider_revolution\" data-id=\"86146ab\" data-element_type=\"widget\" data-widget_type=\"slider_revolution.default\">\n\t\t\t\t<div class=\"elementor-widget-container\">\n\t\t\t\t\t\n\t\t<div class=\"wp-block-themepunch-revslider\">\n\t\t\t<!-- START Slider Farmacias1 REVOLUTION SLIDER 6.5.14 --><p class=\"rs-p-wp-fix\"><\/p>\n\t\t\t<rs-module-wrap id=\"rev_slider_32_1_wrapper\" data-source=\"gallery\" style=\"visibility:hidden;background:transparent;padding:0;margin:0px auto;margin-top:0;margin-bottom:0;\">\n\t\t\t\t<rs-module id=\"rev_slider_32_1\" style=\"\" data-version=\"6.5.14\">\n\t\t\t\t\t<rs-slides>\n\t\t\t\t\t\t<rs-slide style=\"position: absolute;\" data-key=\"rs-58\" data-title=\"Slide\" data-thumb=\"\/\/grupo.farmaciastrebol.com\/wp-content\/uploads\/2022\/09\/IMG_1490.png\" data-in=\"o:0;\" data-out=\"a:false;\">\n\t\t\t\t\t\t\t<img fetchpriority=\"high\" decoding=\"async\" src=\"\/\/www.farmaciastrebol.com\/grupo\/wp-content\/plugins\/revslider\/public\/assets\/assets\/dummy.png\" alt=\"\" title=\"IMG_1490\" width=\"4032\" height=\"3024\" class=\"rev-slidebg tp-rs-img rs-lazyload\" data-lazyload=\"\/\/grupo.farmaciastrebol.com\/wp-content\/uploads\/2022\/09\/IMG_1490.png\" data-bg=\"p:center top;\" data-no-retina>\n<!---->\t\t\t\t\t\t<\/rs-slide>\n\t\t\t\t\t\t<rs-slide style=\"position: absolute;\" data-key=\"rs-59\" data-title=\"Slide\" data-thumb=\"\/\/grupo.farmaciastrebol.com\/wp-content\/uploads\/2022\/09\/granvia-scaled.jpg\" data-in=\"o:0;\" data-out=\"a:false;\">\n\t\t\t\t\t\t\t<img decoding=\"async\" src=\"\/\/www.farmaciastrebol.com\/grupo\/wp-content\/plugins\/revslider\/public\/assets\/assets\/dummy.png\" alt=\"\" title=\"granvia\" width=\"2560\" height=\"1920\" class=\"rev-slidebg tp-rs-img rs-lazyload\" data-lazyload=\"\/\/grupo.farmaciastrebol.com\/wp-content\/uploads\/2022\/09\/granvia-scaled.jpg\" data-no-retina>\n<!---->\t\t\t\t\t\t<\/rs-slide>\n\t\t\t\t\t\t<rs-slide style=\"position: absolute;\" data-key=\"rs-55\" data-title=\"Slide\" data-thumb=\"\/\/grupo.farmaciastrebol.com\/wp-content\/uploads\/2022\/09\/IMG_2304.png\" data-in=\"o:0;\" data-out=\"a:false;\">\n\t\t\t\t\t\t\t<img decoding=\"async\" src=\"\/\/www.farmaciastrebol.com\/grupo\/wp-content\/plugins\/revslider\/public\/assets\/assets\/dummy.png\" alt=\"\" title=\"IMG_2304\" width=\"4032\" height=\"3024\" class=\"rev-slidebg tp-rs-img rs-lazyload\" data-lazyload=\"\/\/grupo.farmaciastrebol.com\/wp-content\/uploads\/2022\/09\/IMG_2304.png\" data-no-retina>\n<!---->\t\t\t\t\t\t<\/rs-slide>\n\t\t\t\t\t<\/rs-slides>\n\t\t\t\t\t<rs-static-layers><!--\n\t\t\t\t\t--><\/rs-static-layers>\n\t\t\t\t<\/rs-module>\n\t\t\t\t<script>\n\t\t\t\t\tsetREVStartSize({c: 'rev_slider_32_1',rl:[1240,1024,768,480],el:[400],gw:[1240],gh:[400],type:'standard',justify:'',layout:'fullwidth',mh:\"0\"});if (window.RS_MODULES!==undefined && window.RS_MODULES.modules!==undefined && window.RS_MODULES.modules[\"revslider321\"]!==undefined) {window.RS_MODULES.modules[\"revslider321\"].once = false;window.revapi32 = undefined;if (window.RS_MODULES.checkMinimal!==undefined) window.RS_MODULES.checkMinimal()}\n\t\t\t\t<\/script>\n\t\t\t<\/rs-module-wrap>\n\t\t\t<!-- END REVOLUTION SLIDER -->\n<\/div>\n\n\t\t\t\t\t\t<\/div>\n\t\t\t\t<\/div>\n\t\t\t\t\t<\/div>\n\t\t<\/div>\n\t\t\t\t\t<\/div>\n\t\t<\/section>\n\t\t\t\t<section class=\"elementor-section elementor-top-section elementor-element elementor-element-e393fa7 elementor-section-boxed elementor-section-height-default elementor-section-height-default\" data-id=\"e393fa7\" data-element_type=\"section\">\n\t\t\t\t\t\t<div class=\"elementor-container elementor-column-gap-default\">\n\t\t\t\t\t<div class=\"elementor-column elementor-col-100 elementor-top-column elementor-element elementor-element-a61c4a0\" data-id=\"a61c4a0\" data-element_type=\"column\">\n\t\t\t<div class=\"elementor-widget-wrap elementor-element-populated\">\n\t\t\t\t\t\t<div class=\"elementor-element elementor-element-35ba2ee elementor-widget elementor-widget-text-editor\" data-id=\"35ba2ee\" data-element_type=\"widget\" data-widget_type=\"text-editor.default\">\n\t\t\t\t<div class=\"elementor-widget-container\">\n\t\t\t\t\t\t\t\t\t<h3><b>Central Farmacias Tr\u00e9bol<\/b><\/h3>\nEn la sede central de\u00a0<strong>Farmacias Tr\u00e9bol<\/strong>\u00a0en\u00a0<strong>Alcobendas<\/strong>, m\u00e1s de 80 empleados est\u00e1n comprometidos con el modelo de negocio innovador de Farmacias Tr\u00e9bol. Todos los temas relevantes a la gesti\u00f3n de la farmacia ( b\u00fasqueda de nuevas farmacias, acuerdos con Partners, hasta la colocaci\u00f3n de las farmacias y el marketing digital), se llevan a cabo en la sede central, con un trabajo en cooperaci\u00f3n con las diferentes \u00e1reas:\n<ul>\n \t<li>\u00c1rea Econ\u00f3mico-Financiera<\/li>\n<li>\u00c1rea Negocio<\/li>\n<li>\u00c1rea Legal<\/li>\n<li>\u00c1rea Personas<\/li>\n<li>\u00c1rea Operaciones<\/li>\n<li>\u00c1rea Marketing<\/li>\n<li>\u00c1rea Sistemas e Innovaci\u00f3n<\/li>\n<li>Proyectos Corporativos<\/li>\n<li>Business Intelligence<\/li>\n<\/ul>\n<br>\nLas distintas \u00e1reas est\u00e1n\u00a0 integradas por un grupo de profesionales, especializados en diferentes \u00e1reas de gesti\u00f3n y comunicaci\u00f3n, que ayudan a competir en un mercado cambiante, aportando mejoras en la rentabilidad, algo que una oficina de farmacia individual, por s\u00ed s\u00f3la,\u00a0 no puede tener.\t\t\t\t\t\t\t\t<\/div>\n\t\t\t\t<\/div>\n\t\t\t\t<div class=\"elementor-element elementor-element-58bf7e6 elementor-widget-divider--view-line_icon elementor-view-default elementor-widget-divider--element-align-center elementor-widget elementor-widget-global elementor-global-16935 elementor-widget-divider\" data-id=\"58bf7e6\" data-element_type=\"widget\" data-widget_type=\"divider.default\">\n\t\t\t\t<div class=\"elementor-widget-container\">\n\t\t\t\t\t\t\t<div class=\"elementor-divider\">\n\t\t\t<span class=\"elementor-divider-separator\">\n\t\t\t\t\t\t\t<div class=\"elementor-icon elementor-divider__element\">\n\t\t\t\t\t<i aria-hidden=\"true\" class=\"fas fa-arrow-down\"><\/i><\/div>\n\t\t\t\t\t\t<\/span>\n\t\t<\/div>\n\t\t\t\t\t\t<\/div>\n\t\t\t\t<\/div>\n\t\t\t\t<div class=\"elementor-element elementor-element-7fecd31 elementor-widget elementor-widget-image\" data-id=\"7fecd31\" data-element_type=\"widget\" data-widget_type=\"image.default\">\n\t\t\t\t<div class=\"elementor-widget-container\">\n\t\t\t\t\t\t\t\t\t\t\t\t\t\t\t<img decoding=\"async\" src=\"https:\/\/www.farmaciastrebol.com\/grupo\/wp-content\/uploads\/2022\/09\/equipo-trebol.jpg\" title=\"\" alt=\"\" loading=\"lazy\" \/>\t\t\t\t\t\t\t\t\t\t\t\t\t\t\t<\/div>\n\t\t\t\t<\/div>\n\t\t\t\t\t<\/div>\n\t\t<\/div>\n\t\t\t\t\t<\/div>\n\t\t<\/section>\n\t\t\t\t<section class=\"elementor-section elementor-top-section elementor-element elementor-element-08e8eeb elementor-section-boxed elementor-section-height-default elementor-section-height-default\" data-id=\"08e8eeb\" data-element_type=\"section\">\n\t\t\t\t\t\t<div class=\"elementor-container elementor-column-gap-default\">\n\t\t\t\t\t<div class=\"elementor-column elementor-col-100 elementor-top-column elementor-element elementor-element-008b6bd\" data-id=\"008b6bd\" data-element_type=\"column\">\n\t\t\t<div class=\"elementor-widget-wrap elementor-element-populated\">\n\t\t\t\t\t\t<div class=\"elementor-element elementor-element-3062606 elementor-widget-divider--view-line_icon elementor-view-default elementor-widget-divider--element-align-center elementor-widget elementor-widget-global elementor-global-16935 elementor-widget-divider\" data-id=\"3062606\" data-element_type=\"widget\" data-widget_type=\"divider.default\">\n\t\t\t\t<div class=\"elementor-widget-container\">\n\t\t\t\t\t\t\t<div class=\"elementor-divider\">\n\t\t\t<span class=\"elementor-divider-separator\">\n\t\t\t\t\t\t\t<div class=\"elementor-icon elementor-divider__element\">\n\t\t\t\t\t<i aria-hidden=\"true\" class=\"fas fa-arrow-down\"><\/i><\/div>\n\t\t\t\t\t\t<\/span>\n\t\t<\/div>\n\t\t\t\t\t\t<\/div>\n\t\t\t\t<\/div>\n\t\t\t\t<div class=\"elementor-element elementor-element-73abba0 elementor-widget elementor-widget-text-editor\" data-id=\"73abba0\" data-element_type=\"widget\" data-widget_type=\"text-editor.default\">\n\t\t\t\t<div class=\"elementor-widget-container\">\n\t\t\t\t\t\t\t\t\t<h3><b>Nuestro CEO<\/b><\/h3><h4><b>Fernando V\u00e9lez.<\/b><\/h4><p><img loading=\"lazy\" decoding=\"async\" class=\"alignnone wp-image-17213 size-full\" src=\"https:\/\/www.farmaciastrebol.com\/grupo\/wp-content\/uploads\/2022\/09\/ceo-scaled.jpg\" alt=\"\" width=\"2560\" height=\"1707\" srcset=\"https:\/\/www.farmaciastrebol.com\/grupo\/wp-content\/uploads\/2022\/09\/ceo-scaled.jpg 2560w, https:\/\/www.farmaciastrebol.com\/grupo\/wp-content\/uploads\/2022\/09\/ceo-300x200.jpg 300w, https:\/\/www.farmaciastrebol.com\/grupo\/wp-content\/uploads\/2022\/09\/ceo-1024x683.jpg 1024w, https:\/\/www.farmaciastrebol.com\/grupo\/wp-content\/uploads\/2022\/09\/ceo-768x512.jpg 768w, https:\/\/www.farmaciastrebol.com\/grupo\/wp-content\/uploads\/2022\/09\/ceo-391x260.jpg 391w, https:\/\/www.farmaciastrebol.com\/grupo\/wp-content\/uploads\/2022\/09\/ceo-1536x1024.jpg 1536w, https:\/\/www.farmaciastrebol.com\/grupo\/wp-content\/uploads\/2022\/09\/ceo-2048x1366.jpg 2048w, https:\/\/www.farmaciastrebol.com\/grupo\/wp-content\/uploads\/2022\/09\/ceo-110x73.jpg 110w, https:\/\/www.farmaciastrebol.com\/grupo\/wp-content\/uploads\/2022\/09\/ceo-585x390.jpg 585w, https:\/\/www.farmaciastrebol.com\/grupo\/wp-content\/uploads\/2022\/09\/ceo-1110x740.jpg 1110w\" sizes=\"(max-width: 2560px) 100vw, 2560px\" \/><\/p><p>Despu\u00e9s de licenciarse en farmacia en la Universidad de Alcal\u00e1 de Henares, y realizar un programa de T\u00e9cnico en M\u00e1rketing Farmac\u00e9utico en Ephos (Actual Talento Farmac\u00e9utico), Fernando V\u00e9lez comenz\u00f3 su carrera profesional en el \u00e1mbito de la industria farmac\u00e9utica, trabajando en el \u00e1rea de ventas en Du-Pont Pharma ,(joint venture MSD en a\u00f1o 1997), y posteriormente en Laboratorios Esteve, como gerente regional de ventas.<\/p><p>\u00a0<\/p><p>En el a\u00f1o 2005 adquiere una farmacia y funda <strong>Farmacias Tr\u00e9bol S.L<\/strong>.<\/p><p>\u00a0<\/p><p>En 2006 realiza el programa de direcci\u00f3n general PDG en el IESE (Universidad de Navarra). Actualmente es socio, CEO y presidente del consejo de administraci\u00f3n de Farmacias Tr\u00e9bol S.L.<\/p>\t\t\t\t\t\t\t\t<\/div>\n\t\t\t\t<\/div>\n\t\t\t\t\t<\/div>\n\t\t<\/div>\n\t\t\t\t\t<\/div>\n\t\t<\/section>\n\t\t\t\t<section class=\"elementor-section elementor-top-section elementor-element elementor-element-99509b1 elementor-section-boxed elementor-section-height-default elementor-section-height-default\" data-id=\"99509b1\" data-element_type=\"section\">\n\t\t\t\t\t\t<div class=\"elementor-container elementor-column-gap-default\">\n\t\t\t\t\t<div class=\"elementor-column elementor-col-100 elementor-top-column elementor-element elementor-element-324255d\" data-id=\"324255d\" data-element_type=\"column\">\n\t\t\t<div class=\"elementor-widget-wrap elementor-element-populated\">\n\t\t\t\t\t\t<div class=\"elementor-element elementor-element-c1f7140 elementor-widget elementor-widget-text-editor\" data-id=\"c1f7140\" data-element_type=\"widget\" data-widget_type=\"text-editor.default\">\n\t\t\t\t<div class=\"elementor-widget-container\">\n\t\t\t\t\t\t\t\t\t<h4><b>Nuestro Consejo de Administraci\u00f3n<\/b><\/h4><p><img decoding=\"async\" src=\"https:\/\/www.farmaciastrebol.com\/grupo\/wp-content\/uploads\/2022\/09\/consejo-administracion.jpg\" \/><\/p><p>\u00a0<\/p><p class=\"c1\"><em><span class=\"c2\">Jose Luis Granda San Miguel, Esther Murias Fern\u00e1ndez, Fernando V\u00e9lez P\u00e9rez, Alberto Garc\u00eda Romero ( de izquierda a derecha)<\/span><\/em><\/p><p class=\"c1\"><span class=\"c2\">\u00a0<\/span><\/p><p class=\"c16\"><span class=\"c2\">El Consejo de Administraci\u00f3n define en t\u00e9rminos generales las grandes l\u00edneas y delega en el CEO de la compa\u00f1\u00eda la ejecuci\u00f3n , siendo este el m\u00e1ximo ejecutivo de la empresa y sobre \u00e9l recaen las grandes responsabilidades, como tomar las decisiones m\u00e1s importantes y dirigir las estrategias que llevar\u00e1n a la empresa a conseguir sus objetivos.<\/span><\/p>\t\t\t\t\t\t\t\t<\/div>\n\t\t\t\t<\/div>\n\t\t\t\t\t<\/div>\n\t\t<\/div>\n\t\t\t\t\t<\/div>\n\t\t<\/section>\n\t\t\t\t<\/div>\n\t\t","protected":false},"excerpt":{"rendered":"<p>Central Farmacias Tr\u00e9bol En la sede central de\u00a0Farmacias Tr\u00e9bol\u00a0en\u00a0Alcobendas, m\u00e1s de 80 empleados est\u00e1n comprometidos con el modelo de negocio innovador de Farmacias Tr\u00e9bol. Todos los temas relevantes a la gesti\u00f3n de la farmacia ( b\u00fasqueda de nuevas farmacias, acuerdos con Partners, hasta la colocaci\u00f3n de las farmacias y el marketing digital), se llevan a [&hellip;]<\/p>\n","protected":false},"author":2,"featured_media":0,"parent":0,"menu_order":0,"comment_status":"closed","ping_status":"open","template":"template-no-sidebar.php","meta":{"footnotes":""},"class_list":["post-16759","page","type-page","status-publish","hentry"],"aioseo_notices":[],"amp_enabled":false,"_links":{"self":[{"href":"https:\/\/www.farmaciastrebol.com\/grupo\/wp-json\/wp\/v2\/pages\/16759","targetHints":{"allow":["GET"]}}],"collection":[{"href":"https:\/\/www.farmaciastrebol.com\/grupo\/wp-json\/wp\/v2\/pages"}],"about":[{"href":"https:\/\/www.farmaciastrebol.com\/grupo\/wp-json\/wp\/v2\/types\/page"}],"author":[{"embeddable":true,"href":"https:\/\/www.farmaciastrebol.com\/grupo\/wp-json\/wp\/v2\/users\/2"}],"replies":[{"embeddable":true,"href":"https:\/\/www.farmaciastrebol.com\/grupo\/wp-json\/wp\/v2\/comments?post=16759"}],"version-history":[{"count":48,"href":"https:\/\/www.farmaciastrebol.com\/grupo\/wp-json\/wp\/v2\/pages\/16759\/revisions"}],"predecessor-version":[{"id":33550,"href":"https:\/\/www.farmaciastrebol.com\/grupo\/wp-json\/wp\/v2\/pages\/16759\/revisions\/33550"}],"wp:attachment":[{"href":"https:\/\/www.farmaciastrebol.com\/grupo\/wp-json\/wp\/v2\/media?parent=16759"}],"curies":[{"name":"wp","href":"https:\/\/api.w.org\/{rel}","templated":true}]}}