{"id":2233,"date":"2019-10-09T13:01:22","date_gmt":"2019-10-09T13:01:22","guid":{"rendered":"https:\/\/grupo.farmaciastrebol.com\/?page_id=2233"},"modified":"2019-10-11T11:24:37","modified_gmt":"2019-10-11T11:24:37","slug":"conocenos","status":"publish","type":"page","link":"https:\/\/www.farmaciastrebol.com\/grupo\/conocenos\/","title":{"rendered":"Con\u00f3cenos"},"content":{"rendered":"<section class=\"wpb-content-wrapper\"><p>[vc_row top_and_bottom_padding=&#8221;&#8221; left_and_right_padding=&#8221;&#8221; bg_type=&#8221;&#8221;][vc_column delay=&#8221;&#8221; delay_offset=&#8221;&#8221; bg_type=&#8221;&#8221; min_height=&#8221;&#8221; top_and_bottom_padding=&#8221;&#8221; left_and_right_padding=&#8221;&#8221; width=&#8221;1\/1&#8243;][vc_row_inner top_and_bottom_padding=&#8221;&#8221; left_and_right_padding=&#8221;&#8221; bg_type=&#8221;&#8221;][vc_column_inner delay=&#8221;&#8221; delay_offset=&#8221;&#8221; width=&#8221;1\/1&#8243;]<h2>\u00bfQui\u00e9nes somos?<\/h2>\n<hr>[\/vc_column_inner][\/vc_row_inner][vc_row_inner top_and_bottom_padding=&#8221;&#8221; left_and_right_padding=&#8221;&#8221; bg_type=&#8221;&#8221;][vc_column_inner delay=&#8221;&#8221; delay_offset=&#8221;&#8221; width=&#8221;1\/4&#8243;]<div class=\"column-item overflow-hidden text-center\"><img fetchpriority=\"high\" decoding=\"async\" width=\"500\" height=\"662\"  class=\"dima-img \" src=\"https:\/\/www.farmaciastrebol.com\/grupo\/wp-content\/uploads\/2019\/10\/logo-24hx-1.png\"   alt=\"\"><\/div>[\/vc_column_inner][vc_column_inner delay=&#8221;&#8221; delay_offset=&#8221;&#8221; width=&#8221;3\/4&#8243;]<p>Farmacias Tr\u00e9bol es una asociaci\u00f3n integral de oficinas de Farmacia que funcionan como un grupo organizado, una Marca que ayuda a las farmacias asociadas a ser excelentes en la Atenci\u00f3n Sanitaria y competitivas en el entorno actual de cambio.<\/p>\n<p>Desde 2.005, a\u00f1o en que se cre\u00f3 Farmacias Tr\u00e9bol, potenciamos de forma sistem\u00e1tica todo lo que las farmacias han conseguido durante mucho tiempo, es decir, la profesionalidad del farmac\u00e9utico, la atenci\u00f3n sanitaria dispensada en la Oficina de Farmacia, el cumplimiento de las Buenas Pr\u00e1cticas de la Oficina de Farmacia, el desarrollo extremo de la Atenci\u00f3n Farmac\u00e9utica dirigido a todos los pacientes, (zona OTC y zona ZAP), la dispensaci\u00f3n activa por parte de profesionales farmac\u00e9uticos especializados en el conocimiento de los medicamentos y la promoci\u00f3n y seguimiento de todas las campa\u00f1as sanitarias y de educaci\u00f3n para la salud propuestas tanto por los Colegios profesionales como por las Administraciones P\u00fablicas.<\/p>\n<p>A todo ello, a\u00f1adimos un grupo de profesionales con gran experiencia y especializados en diferentes \u00e1reas de gesti\u00f3n y comunicaci\u00f3n que ayudan a competir en un mercado cambiante y a mejorar la rentabilidad, algo que una oficina de farmacia independiente ni ha tenido ni puede tener. Hoy, somos ya m\u00e1s de 200 los profesionales que trabajamos en Tr\u00e9bol Farmacias.<\/p>\n<p>Nuestro conocimiento del mercado y de los h\u00e1bitos del consumidor, y nuestra capacidad de gesti\u00f3n y seguimiento, son las ventajas competitivas de Farmacias Tr\u00e9bol.<\/p>\n[\/vc_column_inner][\/vc_row_inner][vc_row_inner top_and_bottom_padding=&#8221;&#8221; left_and_right_padding=&#8221;&#8221; bg_type=&#8221;&#8221;][vc_column_inner delay=&#8221;&#8221; delay_offset=&#8221;&#8221; width=&#8221;1\/1&#8243;]<hr>[\/vc_column_inner][\/vc_row_inner][vc_row_inner top_and_bottom_padding=&#8221;&#8221; left_and_right_padding=&#8221;&#8221; bg_type=&#8221;&#8221;][vc_column_inner delay=&#8221;&#8221; delay_offset=&#8221;&#8221; width=&#8221;2\/3&#8243;]<h4 class=\"vag-light green-txt\">\u00bfQuieres ver el informe anual de farmacias tr\u00e9bol?<\/h4>\n[\/vc_column_inner][vc_column_inner delay=&#8221;&#8221; delay_offset=&#8221;&#8221; width=&#8221;1\/3&#8243;]<a   data-direction=\"down\" class=\"dima-button fill dima-btn-small icon\"  href=\"#\"    ><i class=\"fa fa-line-chart\"><\/i>Solicitar informaci\u00f3n<\/a>[\/vc_column_inner][\/vc_row_inner][vc_row_inner top_and_bottom_padding=&#8221;&#8221; left_and_right_padding=&#8221;&#8221; bg_type=&#8221;&#8221;][vc_column_inner delay=&#8221;&#8221; delay_offset=&#8221;&#8221; width=&#8221;1\/1&#8243;]<hr>[\/vc_column_inner][\/vc_row_inner][\/vc_column][\/vc_row][vc_row top_and_bottom_padding=&#8221;&#8221; left_and_right_padding=&#8221;&#8221; bg_type=&#8221;&#8221;][vc_column delay=&#8221;&#8221; delay_offset=&#8221;&#8221; bg_type=&#8221;&#8221; min_height=&#8221;&#8221; top_and_bottom_padding=&#8221;&#8221; left_and_right_padding=&#8221;&#8221; width=&#8221;1\/1&#8243;]\n\t\t\t<!-- START farmacias REVOLUTION SLIDER 6.5.14 --><p class=\"rs-p-wp-fix\"><\/p>\n\t\t\t<rs-module-wrap id=\"rev_slider_20_1_wrapper\" data-source=\"gallery\" style=\"visibility:hidden;background:transparent;padding:0;margin:0px auto;margin-top:0;margin-bottom:0;\">\n\t\t\t\t<rs-module id=\"rev_slider_20_1\" style=\"\" data-version=\"6.5.14\">\n\t\t\t\t\t<rs-slides>\n\t\t\t\t\t\t<rs-slide style=\"position: absolute;\" data-key=\"rs-31\" data-title=\"Slide\" data-anim=\"ms:600;r:0;\" data-in=\"o:0;\" data-out=\"a:false;\">\n\t\t\t\t\t\t\t<img decoding=\"async\" src=\"\/\/www.farmaciastrebol.com\/grupo\/wp-content\/plugins\/revslider\/public\/assets\/assets\/dummy.png\" alt=\"Slide\" title=\"Con\u00f3cenos\" class=\"rev-slidebg tp-rs-img rs-lazyload\" data-lazyload=\"\/\/www.farmaciastrebol.com\/grupo\/wp-content\/plugins\/revslider\/public\/assets\/assets\/transparent.png\" data-bg=\"c:#24af0f;\" data-parallax=\"5\" data-no-retina>\n<!--\n\t\t\t\t\t\t\t--><rs-layer\n\t\t\t\t\t\t\t\tid=\"slider-20-slide-31-layer-3\" \n\t\t\t\t\t\t\t\tdata-type=\"text\"\n\t\t\t\t\t\t\t\tdata-rsp_ch=\"on\"\n\t\t\t\t\t\t\t\tdata-xy=\"x:c;xo:-20px,16px,12px,2px;y:m;yo:-1px,0,120px,215px;\"\n\t\t\t\t\t\t\t\tdata-text=\"w:normal;s:27,32,24,33;l:25,29,22,36;a:center;\"\n\t\t\t\t\t\t\t\tdata-dim=\"w:auto,auto,auto,427px;\"\n\t\t\t\t\t\t\t\tdata-frame_0=\"x:0,0px,0px,0px;y:0,0px,0px,0px;\"\n\t\t\t\t\t\t\t\tdata-frame_1=\"x:0,0px,0px,0px;y:0,0px,0px,0px;st:590;sp:590;sR:590;\"\n\t\t\t\t\t\t\t\tdata-frame_999=\"o:0;st:8900;sR:7820;\"\n\t\t\t\t\t\t\t\tstyle=\"z-index:9;font-family:'Nunito';\"\n\t\t\t\t\t\t\t>Encuentra tu farmacia Tr\u00e9bol m\u00e1s cercana \n\t\t\t\t\t\t\t<\/rs-layer><!--\n\n\t\t\t\t\t\t\t--><rs-layer\n\t\t\t\t\t\t\t\tid=\"slider-20-slide-31-layer-5\" \n\t\t\t\t\t\t\t\tdata-type=\"text\"\n\t\t\t\t\t\t\t\tdata-rsp_ch=\"on\"\n\t\t\t\t\t\t\t\tdata-xy=\"x:c;xo:-12px,30px,-1px,0;y:m;yo:134px,158px,14px,37px;\"\n\t\t\t\t\t\t\t\tdata-text=\"w:normal;s:27,32,42,33;l:25,29,39,36;a:center;\"\n\t\t\t\t\t\t\t\tdata-dim=\"w:auto,auto,auto,427px;\"\n\t\t\t\t\t\t\t\tdata-frame_0=\"x:0,0px,0px,0px;y:0,0px,0px,0px;\"\n\t\t\t\t\t\t\t\tdata-frame_1=\"x:0,0px,0px,0px;y:0,0px,0px,0px;st:590;sp:590;sR:590;\"\n\t\t\t\t\t\t\t\tdata-frame_999=\"o:0;st:8900;sR:7820;\"\n\t\t\t\t\t\t\t\tstyle=\"z-index:8;font-family:'Nunito';\"\n\t\t\t\t\t\t\t>Encuentra tu farmacia<br \/>\nTr\u00e9bol m\u00e1s cercana \n\t\t\t\t\t\t\t<\/rs-layer><!--\n\n\t\t\t\t\t\t\t--><a\n\t\t\t\t\t\t\t\tid=\"slider-20-slide-31-layer-7\" \n\t\t\t\t\t\t\t\tclass=\"rs-layer\"\n\t\t\t\t\t\t\t\thref=\"https:\/\/grupo.farmaciastrebol.com\/farmacias\/\" target=\"_self\" rel=\"nofollow\"\n\t\t\t\t\t\t\t\tdata-type=\"image\"\n\t\t\t\t\t\t\t\tdata-rsp_ch=\"on\"\n\t\t\t\t\t\t\t\tdata-xy=\"x:l,l,c,c;xo:228px,114px,0,0;y:m;yo:0,0,-62px,-69px;\"\n\t\t\t\t\t\t\t\tdata-text=\"w:normal;s:20,16,12,7;l:0,20,15,9;\"\n\t\t\t\t\t\t\t\tdata-dim=\"w:44px,48px,36px,56px;h:44px,48px,36px,56px;\"\n\t\t\t\t\t\t\t\tdata-frame_1=\"st:580;sp:580;sR:580;\"\n\t\t\t\t\t\t\t\tdata-frame_999=\"o:0;st:w;sR:7840;\"\n\t\t\t\t\t\t\t\tstyle=\"z-index:10;\"\n\t\t\t\t\t\t\t><img decoding=\"async\" src=\"\/\/www.farmaciastrebol.com\/grupo\/wp-content\/plugins\/revslider\/public\/assets\/assets\/dummy.png\" alt=\"\" class=\"tp-rs-img rs-lazyload\" width=\"1084\" height=\"1080\" data-lazyload=\"\/\/grupo.farmaciastrebol.com\/wp-content\/uploads\/2019\/10\/loca.png\" data-no-retina> \n\t\t\t\t\t\t\t<\/a><!--\n\n\t\t\t\t\t\t\t--><a\n\t\t\t\t\t\t\t\tid=\"slider-20-slide-31-layer-11\" \n\t\t\t\t\t\t\t\tclass=\"rs-layer\"\n\t\t\t\t\t\t\t\thref=\"https:\/\/grupo.farmaciastrebol.com\/farmacias\/\" target=\"_self\" rel=\"nofollow\"\n\t\t\t\t\t\t\t\tdata-type=\"text\"\n\t\t\t\t\t\t\t\tdata-xy=\"x:l,l,c,c;xo:1019px,890px,1px,0;y:m;yo:0,3px,76px,112px;\"\n\t\t\t\t\t\t\t\tdata-text=\"w:normal;s:13,16,16,16;l:16,21,21,24;\"\n\t\t\t\t\t\t\t\tdata-rsp_bd=\"off\"\n\t\t\t\t\t\t\t\tdata-frame_1=\"st:1160;sR:1160;\"\n\t\t\t\t\t\t\t\tdata-frame_999=\"o:0;st:w;sR:7540;\"\n\t\t\t\t\t\t\t\tstyle=\"z-index:11;font-family:'Nunito';\"\n\t\t\t\t\t\t\t><u>Mostrar todas<\/u> \n\t\t\t\t\t\t\t<\/a><!--\n-->\t\t\t\t\t\t<\/rs-slide>\n\t\t\t\t\t<\/rs-slides>\n\t\t\t\t<\/rs-module>\n\t\t\t\t<script>\n\t\t\t\t\tsetREVStartSize({c: 'rev_slider_20_1',rl:[1240,1024,768,480],el:[100,100,200,300],gw:[1240,1024,778,480],gh:[100,100,200,300],type:'standard',justify:'',layout:'fullwidth',mh:\"0\"});if (window.RS_MODULES!==undefined && window.RS_MODULES.modules!==undefined && window.RS_MODULES.modules[\"revslider201\"]!==undefined) {window.RS_MODULES.modules[\"revslider201\"].once = false;window.revapi20 = undefined;if (window.RS_MODULES.checkMinimal!==undefined) window.RS_MODULES.checkMinimal()}\n\t\t\t\t<\/script>\n\t\t\t<\/rs-module-wrap>\n\t\t\t<!-- END REVOLUTION SLIDER -->\n\t\t\t<div style=\"clear:both;display:block;width:100%;height:0px\"><\/div>[\/vc_column][\/vc_row]<\/p>\n<\/section>","protected":false},"excerpt":{"rendered":"<p>[vc_row top_and_bottom_padding=&#8221;&#8221; left_and_right_padding=&#8221;&#8221; bg_type=&#8221;&#8221;][vc_column delay=&#8221;&#8221; delay_offset=&#8221;&#8221; bg_type=&#8221;&#8221; min_height=&#8221;&#8221; top_and_bottom_padding=&#8221;&#8221; left_and_right_padding=&#8221;&#8221; width=&#8221;1\/1&#8243;][vc_row_inner top_and_bottom_padding=&#8221;&#8221; left_and_right_padding=&#8221;&#8221; bg_type=&#8221;&#8221;][vc_column_inner delay=&#8221;&#8221; delay_offset=&#8221;&#8221; width=&#8221;1\/1&#8243;][\/vc_column_inner][\/vc_row_inner][vc_row_inner top_and_bottom_padding=&#8221;&#8221; left_and_right_padding=&#8221;&#8221; bg_type=&#8221;&#8221;][vc_column_inner delay=&#8221;&#8221; delay_offset=&#8221;&#8221; width=&#8221;1\/4&#8243;][\/vc_column_inner][vc_column_inner delay=&#8221;&#8221; delay_offset=&#8221;&#8221; width=&#8221;3\/4&#8243;][\/vc_column_inner][\/vc_row_inner][vc_row_inner top_and_bottom_padding=&#8221;&#8221; left_and_right_padding=&#8221;&#8221; bg_type=&#8221;&#8221;][vc_column_inner delay=&#8221;&#8221; delay_offset=&#8221;&#8221; width=&#8221;1\/1&#8243;][\/vc_column_inner][\/vc_row_inner][vc_row_inner top_and_bottom_padding=&#8221;&#8221; left_and_right_padding=&#8221;&#8221; bg_type=&#8221;&#8221;][vc_column_inner delay=&#8221;&#8221; delay_offset=&#8221;&#8221; width=&#8221;2\/3&#8243;][\/vc_column_inner][vc_column_inner delay=&#8221;&#8221; delay_offset=&#8221;&#8221; width=&#8221;1\/3&#8243;][\/vc_column_inner][\/vc_row_inner][vc_row_inner top_and_bottom_padding=&#8221;&#8221; left_and_right_padding=&#8221;&#8221; bg_type=&#8221;&#8221;][vc_column_inner delay=&#8221;&#8221; delay_offset=&#8221;&#8221; width=&#8221;1\/1&#8243;][\/vc_column_inner][\/vc_row_inner][\/vc_column][\/vc_row][vc_row top_and_bottom_padding=&#8221;&#8221; left_and_right_padding=&#8221;&#8221; bg_type=&#8221;&#8221;][vc_column delay=&#8221;&#8221; delay_offset=&#8221;&#8221; bg_type=&#8221;&#8221; min_height=&#8221;&#8221; top_and_bottom_padding=&#8221;&#8221; [&hellip;]<\/p>\n","protected":false},"author":3,"featured_media":0,"parent":0,"menu_order":0,"comment_status":"closed","ping_status":"open","template":"","meta":{"footnotes":""},"class_list":["post-2233","page","type-page","status-publish","hentry"],"aioseo_notices":[],"amp_enabled":true,"_links":{"self":[{"href":"https:\/\/www.farmaciastrebol.com\/grupo\/wp-json\/wp\/v2\/pages\/2233","targetHints":{"allow":["GET"]}}],"collection":[{"href":"https:\/\/www.farmaciastrebol.com\/grupo\/wp-json\/wp\/v2\/pages"}],"about":[{"href":"https:\/\/www.farmaciastrebol.com\/grupo\/wp-json\/wp\/v2\/types\/page"}],"author":[{"embeddable":true,"href":"https:\/\/www.farmaciastrebol.com\/grupo\/wp-json\/wp\/v2\/users\/3"}],"replies":[{"embeddable":true,"href":"https:\/\/www.farmaciastrebol.com\/grupo\/wp-json\/wp\/v2\/comments?post=2233"}],"version-history":[{"count":10,"href":"https:\/\/www.farmaciastrebol.com\/grupo\/wp-json\/wp\/v2\/pages\/2233\/revisions"}],"predecessor-version":[{"id":2356,"href":"https:\/\/www.farmaciastrebol.com\/grupo\/wp-json\/wp\/v2\/pages\/2233\/revisions\/2356"}],"wp:attachment":[{"href":"https:\/\/www.farmaciastrebol.com\/grupo\/wp-json\/wp\/v2\/media?parent=2233"}],"curies":[{"name":"wp","href":"https:\/\/api.w.org\/{rel}","templated":true}]}}