{"id":6622,"date":"2022-03-31T15:03:55","date_gmt":"2022-03-31T15:03:55","guid":{"rendered":"https:\/\/grupo.farmaciastrebol.com\/?page_id=6622"},"modified":"2025-11-17T16:48:08","modified_gmt":"2025-11-17T16:48:08","slug":"mision-trebol","status":"publish","type":"page","link":"https:\/\/www.farmaciastrebol.com\/grupo\/mision-trebol\/","title":{"rendered":"Misi\u00f3n Trebol"},"content":{"rendered":"\t\t<div data-elementor-type=\"wp-page\" data-elementor-id=\"6622\" class=\"elementor elementor-6622\" data-elementor-post-type=\"page\">\n\t\t\t\t\t\t<section class=\"elementor-section elementor-top-section elementor-element elementor-element-04ae0a5 elementor-section-boxed elementor-section-height-default elementor-section-height-default\" data-id=\"04ae0a5\" data-element_type=\"section\">\n\t\t\t\t\t\t<div class=\"elementor-container elementor-column-gap-default\">\n\t\t\t\t\t<div class=\"elementor-column elementor-col-33 elementor-top-column elementor-element elementor-element-069fef1\" data-id=\"069fef1\" data-element_type=\"column\" id=\"columna-imagenes\">\n\t\t\t<div class=\"elementor-widget-wrap elementor-element-populated\">\n\t\t\t\t\t\t<div class=\"elementor-element elementor-element-83a7567 elementor-invisible elementor-widget elementor-widget-image\" data-id=\"83a7567\" data-element_type=\"widget\" data-settings=\"{&quot;_animation&quot;:&quot;slideInLeft&quot;}\" data-widget_type=\"image.default\">\n\t\t\t\t<div class=\"elementor-widget-container\">\n\t\t\t\t\t\t\t\t\t\t\t\t\t\t\t<img decoding=\"async\" src=\"https:\/\/www.farmaciastrebol.com\/grupo\/wp-content\/uploads\/2022\/09\/omnicanalidad.png\" title=\"\" alt=\"\" loading=\"lazy\" \/>\t\t\t\t\t\t\t\t\t\t\t\t\t\t\t<\/div>\n\t\t\t\t<\/div>\n\t\t\t\t<div class=\"elementor-element elementor-element-ce4fded elementor-invisible elementor-widget elementor-widget-image\" data-id=\"ce4fded\" data-element_type=\"widget\" data-settings=\"{&quot;_animation&quot;:&quot;slideInLeft&quot;,&quot;_animation_delay&quot;:300}\" data-widget_type=\"image.default\">\n\t\t\t\t<div class=\"elementor-widget-container\">\n\t\t\t\t\t\t\t\t\t\t\t\t\t\t\t<img decoding=\"async\" src=\"https:\/\/www.farmaciastrebol.com\/grupo\/wp-content\/uploads\/2022\/09\/productos.png\" title=\"\" alt=\"\" loading=\"lazy\" \/>\t\t\t\t\t\t\t\t\t\t\t\t\t\t\t<\/div>\n\t\t\t\t<\/div>\n\t\t\t\t<div class=\"elementor-element elementor-element-0e66841 elementor-invisible elementor-widget elementor-widget-image\" data-id=\"0e66841\" data-element_type=\"widget\" data-settings=\"{&quot;_animation&quot;:&quot;slideInLeft&quot;,&quot;_animation_delay&quot;:606}\" data-widget_type=\"image.default\">\n\t\t\t\t<div class=\"elementor-widget-container\">\n\t\t\t\t\t\t\t\t\t\t\t\t\t\t\t<img decoding=\"async\" src=\"https:\/\/www.farmaciastrebol.com\/grupo\/wp-content\/uploads\/2022\/09\/servicios.png\" title=\"\" alt=\"\" loading=\"lazy\" \/>\t\t\t\t\t\t\t\t\t\t\t\t\t\t\t<\/div>\n\t\t\t\t<\/div>\n\t\t\t\t\t<\/div>\n\t\t<\/div>\n\t\t\t\t<div class=\"elementor-column elementor-col-33 elementor-top-column elementor-element elementor-element-381368a\" data-id=\"381368a\" data-element_type=\"column\">\n\t\t\t<div class=\"elementor-widget-wrap elementor-element-populated\">\n\t\t\t\t\t\t<div class=\"elementor-element elementor-element-e43308e elementor-widget elementor-widget-image\" data-id=\"e43308e\" data-element_type=\"widget\" data-widget_type=\"image.default\">\n\t\t\t\t<div class=\"elementor-widget-container\">\n\t\t\t\t\t\t\t\t\t\t\t\t\t\t\t<img decoding=\"async\" src=\"https:\/\/www.farmaciastrebol.com\/grupo\/wp-content\/uploads\/2022\/09\/clientefan.png\" title=\"\" alt=\"\" loading=\"lazy\" \/>\t\t\t\t\t\t\t\t\t\t\t\t\t\t\t<\/div>\n\t\t\t\t<\/div>\n\t\t\t\t\t<\/div>\n\t\t<\/div>\n\t\t\t\t<div class=\"elementor-column elementor-col-33 elementor-top-column elementor-element elementor-element-001551d\" data-id=\"001551d\" data-element_type=\"column\">\n\t\t\t<div class=\"elementor-widget-wrap elementor-element-populated\">\n\t\t\t\t\t\t<div class=\"elementor-element elementor-element-e0aafe0 elementor-widget elementor-widget-text-editor\" data-id=\"e0aafe0\" data-element_type=\"widget\" data-widget_type=\"text-editor.default\">\n\t\t\t\t<div class=\"elementor-widget-container\">\n\t\t\t\t\t\t\t\t\t<div class=\"vc_wp_text wpb_content_element\">\n<div class=\"widget widget_text\">\n<div>\n<h2><span style=\"color: #6b6b6b; font-family: 'Open Sans', Helvetica, Arial, Times, serif; font-size: 1.5rem; font-weight: bold; letter-spacing: 0.01em; word-spacing: 0.01em;\">PROP\u00d3SITO<\/span><\/h2>\n<p><span style=\"color: #7a7a7a; letter-spacing: 0.01em; word-spacing: 0.01em;\">Contribuir a una sociedad m\u00e1s saludable creando un <strong>v\u00ednculo transformador entre la farmacia \u2063<\/strong><br><strong>f\u00edsica y digital<\/strong>, mejorando la calidad de vida y consolidando el sector farmac\u00e9utico.<\/span><\/p>\n<p><\/p>\n<\/div>\n<div>\n<p><span style=\"color: #6b6b6b; font-family: 'Open Sans', Helvetica, Arial, Times, serif; font-size: 1.5rem; font-weight: bold; letter-spacing: 0.01em; word-spacing: 0.01em;\">MISI\u00d3N<\/span><\/p>\n<p><\/p>\n<\/div>\n<div>\n<div>\n<p><span style=\"color: #7a7a7a; letter-spacing: 0.01em; word-spacing: 0.01em;\">Somos la <strong>marca de farmacias referente,<\/strong> que conecta innovaci\u00f3n y atenci\u00f3n personalizada, que ofrece productos y <strong>servicios de salud accesibles<\/strong> y seguros, aportando valor real al farmac\u00e9utico titular y promoviendo el bienestar de la ciudadan\u00eda.<\/span><\/p>\n<p><span style=\"color: #7a7a7a; letter-spacing: 0.01em; word-spacing: 0.01em;\">&nbsp;<\/span><\/p>\n<p><span style=\"color: #6b6b6b; font-family: 'Open Sans', Helvetica, Arial, Times, serif; font-size: 1.5rem; font-weight: bold; letter-spacing: 0.01em; word-spacing: 0.01em;\">VISI\u00d3N<\/span><\/p>\n<\/div>\n<\/div>\n<div>\n<p><span style=\"color: #7a7a7a; letter-spacing: 0.01em; word-spacing: 0.01em;\">Liderar la transformaci\u00f3n del sector farmac\u00e9utico, consolidando lo mejor del modelo actual, distingui\u00e9ndose por nuestra excelencia en <strong>digitalizaci\u00f3n, adaptabilidad y experiencia del cliente<\/strong>, siempre accesibles y de confianza.<\/span><\/p>\n<\/div>\n<\/div>\n<\/div>\t\t\t\t\t\t\t\t<\/div>\n\t\t\t\t<\/div>\n\t\t\t\t\t<\/div>\n\t\t<\/div>\n\t\t\t\t\t<\/div>\n\t\t<\/section>\n\t\t\t\t<section class=\"elementor-section elementor-top-section elementor-element elementor-element-827f2ed elementor-section-boxed elementor-section-height-default elementor-section-height-default\" data-id=\"827f2ed\" data-element_type=\"section\">\n\t\t\t\t\t\t<div class=\"elementor-container elementor-column-gap-default\">\n\t\t\t\t\t<div class=\"elementor-column elementor-col-100 elementor-top-column elementor-element elementor-element-aba03ee\" data-id=\"aba03ee\" data-element_type=\"column\">\n\t\t\t<div class=\"elementor-widget-wrap elementor-element-populated\">\n\t\t\t\t\t\t<div class=\"elementor-element elementor-element-8bb1b30 elementor-widget-divider--view-line_icon elementor-view-default elementor-widget-divider--element-align-center elementor-widget elementor-widget-global elementor-global-16935 elementor-widget-divider\" data-id=\"8bb1b30\" data-element_type=\"widget\" data-widget_type=\"divider.default\">\n\t\t\t\t<div class=\"elementor-widget-container\">\n\t\t\t\t\t\t\t<div class=\"elementor-divider\">\n\t\t\t<span class=\"elementor-divider-separator\">\n\t\t\t\t\t\t\t<div class=\"elementor-icon elementor-divider__element\">\n\t\t\t\t\t<i aria-hidden=\"true\" class=\"fas fa-arrow-down\"><\/i><\/div>\n\t\t\t\t\t\t<\/span>\n\t\t<\/div>\n\t\t\t\t\t\t<\/div>\n\t\t\t\t<\/div>\n\t\t\t\t\t<\/div>\n\t\t<\/div>\n\t\t\t\t\t<\/div>\n\t\t<\/section>\n\t\t\t\t<\/div>\n\t\t","protected":false},"excerpt":{"rendered":"<p>PROP\u00d3SITO Contribuir a una sociedad m\u00e1s saludable creando un v\u00ednculo transformador entre la farmacia \u2063f\u00edsica y digital, mejorando la calidad de vida y consolidando el sector farmac\u00e9utico. MISI\u00d3N Somos la marca de farmacias referente, que conecta innovaci\u00f3n y atenci\u00f3n personalizada, que ofrece productos y servicios de salud accesibles y seguros, aportando valor real al farmac\u00e9utico [&hellip;]<\/p>\n","protected":false},"author":2,"featured_media":0,"parent":0,"menu_order":0,"comment_status":"closed","ping_status":"open","template":"template-no-sidebar.php","meta":{"footnotes":""},"class_list":["post-6622","page","type-page","status-publish","hentry"],"aioseo_notices":[],"amp_enabled":false,"_links":{"self":[{"href":"https:\/\/www.farmaciastrebol.com\/grupo\/wp-json\/wp\/v2\/pages\/6622","targetHints":{"allow":["GET"]}}],"collection":[{"href":"https:\/\/www.farmaciastrebol.com\/grupo\/wp-json\/wp\/v2\/pages"}],"about":[{"href":"https:\/\/www.farmaciastrebol.com\/grupo\/wp-json\/wp\/v2\/types\/page"}],"author":[{"embeddable":true,"href":"https:\/\/www.farmaciastrebol.com\/grupo\/wp-json\/wp\/v2\/users\/2"}],"replies":[{"embeddable":true,"href":"https:\/\/www.farmaciastrebol.com\/grupo\/wp-json\/wp\/v2\/comments?post=6622"}],"version-history":[{"count":65,"href":"https:\/\/www.farmaciastrebol.com\/grupo\/wp-json\/wp\/v2\/pages\/6622\/revisions"}],"predecessor-version":[{"id":126188,"href":"https:\/\/www.farmaciastrebol.com\/grupo\/wp-json\/wp\/v2\/pages\/6622\/revisions\/126188"}],"wp:attachment":[{"href":"https:\/\/www.farmaciastrebol.com\/grupo\/wp-json\/wp\/v2\/media?parent=6622"}],"curies":[{"name":"wp","href":"https:\/\/api.w.org\/{rel}","templated":true}]}}