{"id":99912,"date":"2025-08-08T12:38:29","date_gmt":"2025-08-08T12:38:29","guid":{"rendered":"https:\/\/www.farmaciastrebol.com\/grupo\/?page_id=99912"},"modified":"2025-08-08T12:47:24","modified_gmt":"2025-08-08T12:47:24","slug":"farmacia-trebol-valladolid","status":"publish","type":"page","link":"https:\/\/www.farmaciastrebol.com\/grupo\/farmacias\/farmacia-trebol-valladolid\/","title":{"rendered":"Farmacia Tr\u00e9bol Valladolid"},"content":{"rendered":"<section class=\"wpb-content-wrapper\"><p>[vc_row bg_type=&#8221;bg_color&#8221; dima_canvas_style=&#8221;&#8221; translate_x=&#8221;0&#8243; dima_z_index=&#8221;0&#8243; delay=&#8221;&#8221; delay_duration=&#8221;&#8221; delay_offset=&#8221;&#8221; top_and_bottom_padding=&#8221;&#8221; left_and_right_padding=&#8221;&#8221; id=&#8221;&#8221; class=&#8221;&#8221; style=&#8221;&#8221; bg_color=&#8221;#f9f9f9&#8243;][vc_column min_height=&#8221;&#8221; bg_type=&#8221;&#8221; dima_canvas_style=&#8221;&#8221; translate_x=&#8221;0&#8243; dima_z_index=&#8221;0&#8243; delay=&#8221;&#8221; delay_duration=&#8221;&#8221; delay_offset=&#8221;&#8221; top_and_bottom_padding=&#8221;&#8221; left_and_right_padding=&#8221;&#8221; width=&#8221;1\/3&#8243;]<div  class=\"container\" ><div class=\"ok-row\"><div  class=\" ok-sd-6 ok-xsd-12\"  data-animate=fadeInUp><div  class=\"dima-iconbox no-box text-center features-box\" ><header  class=\"icon-box-header\" ><span style=\"color:#24af0f;\" class=\"svg_icon  icon-box-larg  icon-box-hover\" ><i class=\"fa fa-map-pin\"><\/i><\/span><\/header><div  class=\"features-content\" ><h5 class=\"features-title\" ><\/h5><span data-sheets-root=\"1\">Paseo Zorrilla, 153<\/span><\/p>\n<p><span data-sheets-root=\"1\">47008, Valladolid<\/span><\/div><\/div><\/div><\/div><\/div>[\/vc_column][vc_column min_height=&#8221;&#8221; bg_type=&#8221;&#8221; dima_canvas_style=&#8221;&#8221; translate_x=&#8221;0&#8243; dima_z_index=&#8221;0&#8243; delay=&#8221;&#8221; delay_duration=&#8221;&#8221; delay_offset=&#8221;&#8221; top_and_bottom_padding=&#8221;&#8221; left_and_right_padding=&#8221;&#8221; width=&#8221;1\/3&#8243;]<div  class=\"container\" ><div class=\"ok-row\"><div  class=\" ok-sd-6 ok-xsd-12\"  data-animate=fadeInUp><div  class=\"dima-iconbox no-box text-center features-box\" ><header  class=\"icon-box-header\" ><span style=\"color:#24af0f;\" class=\"svg_icon  icon-box-larg  icon-box-hover\" ><i class=\"fa fa-phone\"><\/i><\/span><\/header><div  class=\"features-content\" ><h5 class=\"features-title\" ><\/h5><span data-sheets-root=\"1\">983 245 296<\/span><\/p>\n<p><span data-sheets-root=\"1\">649 834 727<\/span><\/div><\/div><\/div><\/div><\/div>[\/vc_column][vc_column min_height=&#8221;&#8221; bg_type=&#8221;&#8221; dima_canvas_style=&#8221;&#8221; translate_x=&#8221;0&#8243; dima_z_index=&#8221;0&#8243; delay=&#8221;&#8221; delay_duration=&#8221;&#8221; delay_offset=&#8221;&#8221; top_and_bottom_padding=&#8221;&#8221; left_and_right_padding=&#8221;&#8221; width=&#8221;1\/3&#8243;]<div  class=\"container\" ><div class=\"ok-row\"><div  class=\" ok-sd-6 ok-xsd-12\"  data-animate=fadeInUp><div  class=\"dima-iconbox no-box text-center features-box\" ><header  class=\"icon-box-header\" ><span style=\"color:#24af0f;\" class=\"svg_icon  icon-box-larg  icon-box-hover\" ><i class=\"fa fa-clock-o\"><\/i><\/span><\/header><div  class=\"features-content\" ><h5 class=\"features-title\" ><\/h5><span data-sheets-root=\"1\">Abrimos de lunes a viernes de 9:30 a 22:00 <\/span><\/p>\n<p><span data-sheets-root=\"1\">Y s\u00e1bados de 10:00 a 14:00<\/span><\/div><\/div><\/div><\/div><\/div>[\/vc_column][\/vc_row][vc_row dark=&#8221;true&#8221; bg_type=&#8221;&#8221; dima_canvas_style=&#8221;&#8221; translate_x=&#8221;0&#8243; dima_z_index=&#8221;0&#8243; delay=&#8221;&#8221; delay_duration=&#8221;&#8221; delay_offset=&#8221;&#8221; top_and_bottom_padding=&#8221;&#8221; left_and_right_padding=&#8221;&#8221; id=&#8221;&#8221; class=&#8221;&#8221; style=&#8221;&#8221;][vc_column min_height=&#8221;&#8221; bg_type=&#8221;&#8221; dima_canvas_style=&#8221;&#8221; translate_x=&#8221;0&#8243; dima_z_index=&#8221;0&#8243; delay=&#8221;&#8221; delay_duration=&#8221;&#8221; delay_offset=&#8221;&#8221; top_and_bottom_padding=&#8221;&#8221; left_and_right_padding=&#8221;&#8221; width=&#8221;1\/1&#8243;][vc_row_inner bg_type=&#8221;&#8221; dima_canvas_style=&#8221;&#8221; translate_x=&#8221;0&#8243; dima_z_index=&#8221;0&#8243; full_width=&#8221;wrap&#8221; top_and_bottom_padding=&#8221;&#8221; left_and_right_padding=&#8221;&#8221; id=&#8221;&#8221; class=&#8221;&#8221; style=&#8221;&#8221;][vc_column_inner animation=&#8221;fadeIn&#8221; delay=&#8221;300&#8243; delay_duration=&#8221;&#8221; delay_offset=&#8221;&#8221; translate_x=&#8221;0&#8243; dima_z_index=&#8221;0&#8243; width=&#8221;1\/1&#8243; id=&#8221;&#8221; class=&#8221;&#8221; style=&#8221;&#8221;]<h2>Servicios destacados<\/h2>\n<div  class=\"dima-clear\" style=\"padding-bottom:50px\"><\/div>[\/vc_column_inner][\/vc_row_inner][vc_row_inner bg_type=&#8221;&#8221; dima_canvas_style=&#8221;&#8221; translate_x=&#8221;0&#8243; dima_z_index=&#8221;0&#8243; top_and_bottom_padding=&#8221;&#8221; left_and_right_padding=&#8221;&#8221;][vc_column_inner animation=&#8221;fadeInUp&#8221; delay=&#8221;200&#8243; delay_duration=&#8221;&#8221; delay_offset=&#8221;&#8221; translate_x=&#8221;0&#8243; dima_z_index=&#8221;0&#8243; width=&#8221;1\/3&#8243; id=&#8221;&#8221; class=&#8221;&#8221; style=&#8221;&#8221;]<div  class=\"dima-iconbox no-box text-center features-box\" ><header  class=\"icon-box-header\" ><i style=\"color:#757575;\" class=\"simple-icon-cup  icon-box-medium icon-box-hover\"><\/i><\/header><div  class=\"features-content\" ><h5 class=\"features-title\" >Nutrici\u00f3n y diet\u00e9tica<\/h5>Recibe un estudio antropom\u00e9trico profesional, m\u00e1rcate objetivos personalizados con seguimiento y mejora problemas de ansiedad, retenci\u00f3n de l\u00edquidos o mala circulaci\u00f3n<\/div><\/div>[\/vc_column_inner][vc_column_inner animation=&#8221;fadeInUp&#8221; delay=&#8221;200&#8243; delay_duration=&#8221;&#8221; delay_offset=&#8221;&#8221; translate_x=&#8221;0&#8243; dima_z_index=&#8221;0&#8243; width=&#8221;1\/3&#8243; id=&#8221;&#8221; class=&#8221;&#8221; style=&#8221;&#8221;]<div  class=\"dima-iconbox no-box text-center features-box\" ><header  class=\"icon-box-header\" ><i style=\"color:#757575;\" class=\"simple-icon-chemistry  icon-box-medium icon-box-hover\"><\/i><\/header><div  class=\"features-content\" ><h5 class=\"features-title\" >F\u00f3rmulas Magistrales<\/h5>Productos oficinales y f\u00f3rmulas preparadas seg\u00fan la prescripci\u00f3n de tu m\u00e9dico. Seguimos todos los est\u00e1ndares de calidad y seguridad exigidos por ley.<\/div><\/div>[\/vc_column_inner][vc_column_inner animation=&#8221;fadeInUp&#8221; delay=&#8221;200&#8243; delay_duration=&#8221;&#8221; delay_offset=&#8221;&#8221; translate_x=&#8221;0&#8243; dima_z_index=&#8221;0&#8243; width=&#8221;1\/3&#8243; id=&#8221;&#8221; class=&#8221;&#8221; style=&#8221;&#8221;]<div  class=\"dima-iconbox no-box text-center features-box\" ><header  class=\"icon-box-header\" ><i style=\"color:#757575;\" class=\"simple-icon-equalizer  icon-box-medium icon-box-hover\"><\/i><\/header><div  class=\"features-content\" ><h5 class=\"features-title\" >An\u00e1lisis Capilar<\/h5>\u00bfPicor?\u00bfCaspa?\u00bfGrasa?\u00bfCa\u00edda? Pide cita en tu Farmacia Tr\u00e9bol para que te hagamos un control gratuito de tu aparato piloseb\u00e1ceo.<\/div><\/div>[\/vc_column_inner][\/vc_row_inner]<div  class=\"dima-clear\" style=\"padding-bottom:60px\"><\/div><div  class=\"container\" ><div class=\"ok-row\"><div  class=\" ok-sd-6 ok-xsd-12\" style=\"text-align:center;color:white\" data-animate=fadeInUp><a  id=\"cita-valladolid\" data-direction=\"down\" class=\"dima-button fill dima-btn-small\"  href=\"#\"    >Pide cita<\/a><\/div><\/div><\/div>[\/vc_column][\/vc_row][vc_row bg_type=&#8221;bg_color&#8221; dima_canvas_style=&#8221;&#8221; translate_x=&#8221;0&#8243; dima_z_index=&#8221;0&#8243; delay=&#8221;&#8221; delay_duration=&#8221;&#8221; delay_offset=&#8221;&#8221; top_and_bottom_padding=&#8221;&#8221; left_and_right_padding=&#8221;&#8221; id=&#8221;&#8221; class=&#8221;&#8221; style=&#8221;&#8221; bg_color=&#8221;#f7f7f7&#8243;][vc_column min_height=&#8221;&#8221; bg_type=&#8221;&#8221; dima_canvas_style=&#8221;&#8221; translate_x=&#8221;0&#8243; dima_z_index=&#8221;0&#8243; delay=&#8221;&#8221; delay_duration=&#8221;&#8221; delay_offset=&#8221;&#8221; top_and_bottom_padding=&#8221;&#8221; left_and_right_padding=&#8221;&#8221; width=&#8221;2\/3&#8243;]<div id=\"dima-gmap-1\" class=\"dima-maps dima-google-map\" data-dima-element=\"google_map\" data-dima-params=\"{&quot;lat&quot;:&quot;41.6236572&quot;,&quot;lng&quot;:&quot;-4.7517885&quot;,&quot;zoom&quot;:&quot;16&quot;,&quot;zoomControl&quot;:true,&quot;hue&quot;:&quot;&quot;,&quot;height&quot;:&quot;500px&quot;,&quot;width&quot;:&quot;100%&quot;,&quot;drag&quot;:true}\" ><div id=\"dima-gmap-in-1\" class=\" dima-gmap-in\"><\/div><div class=\"dima-gmap-marker\" data-dima-element=\"google_map_marker\" data-dima-params=\"{&quot;lat&quot;:&quot;41.6236572&quot;,&quot;lng&quot;:&quot;-4.7517885&quot;,&quot;info&quot;:&quot;&quot;}\"><\/div><\/div>[\/vc_column][vc_column min_height=&#8221;&#8221; bg_type=&#8221;&#8221; dima_canvas_style=&#8221;&#8221; translate_x=&#8221;0&#8243; dima_z_index=&#8221;0&#8243; delay=&#8221;&#8221; delay_duration=&#8221;&#8221; delay_offset=&#8221;&#8221; top_and_bottom_padding=&#8221;&#8221; left_and_right_padding=&#8221;&#8221; width=&#8221;1\/3&#8243;]<div  class=\"dima-tabs  dima-tab-style columns-2-tab\" ><ul class=\"dima-tab-nav top\"><li  class=\"tab active\" ><a href=\"#tab-1\" data-toggle=\"tab\"><i class=\"fa fa-user\"><\/i>Contacto<\/a><\/li><li  class=\"tab\" ><a href=\"#tab-2\" data-toggle=\"tab\"><i class=\"fa fa-shopping-cart\"><\/i>Pedido online<\/a><\/li><\/ul><div  class=\"dima-tab-content\" ><div id=\"tab-1\" class=\"tab-pane fade in clearfix dima-tab_content fade in active\" >\n<div class=\"wpcf7 no-js\" id=\"wpcf7-f99908-o1\" lang=\"es-ES\" dir=\"ltr\" data-wpcf7-id=\"99908\">\n<div class=\"screen-reader-response\"><p role=\"status\" aria-live=\"polite\" aria-atomic=\"true\"><\/p> <ul><\/ul><\/div>\n<form action=\"\/grupo\/wp-json\/wp\/v2\/pages\/99912#wpcf7-f99908-o1\" method=\"post\" class=\"wpcf7-form init\" aria-label=\"Formulario de contacto\" novalidate=\"novalidate\" data-status=\"init\">\n<fieldset class=\"hidden-fields-container\"><input type=\"hidden\" name=\"_wpcf7\" value=\"99908\" \/><input type=\"hidden\" name=\"_wpcf7_version\" value=\"6.1.4\" \/><input type=\"hidden\" name=\"_wpcf7_locale\" value=\"es_ES\" \/><input type=\"hidden\" name=\"_wpcf7_unit_tag\" value=\"wpcf7-f99908-o1\" \/><input type=\"hidden\" name=\"_wpcf7_container_post\" value=\"0\" \/><input type=\"hidden\" name=\"_wpcf7_posted_data_hash\" value=\"\" \/><input type=\"hidden\" name=\"_wpcf7_recaptcha_response\" value=\"\" \/>\n<\/fieldset>\n<p><label> Tu nombre (requerido)<br \/>\n<span class=\"wpcf7-form-control-wrap\" data-name=\"your-name\"><input size=\"40\" maxlength=\"400\" class=\"wpcf7-form-control wpcf7-text wpcf7-validates-as-required\" aria-required=\"true\" aria-invalid=\"false\" value=\"\" type=\"text\" name=\"your-name\" \/><\/span> <\/label>\n<\/p>\n<p><label> Tu correo electr\u00f3nico (requerido)<br \/>\n<span class=\"wpcf7-form-control-wrap\" data-name=\"your-email\"><input size=\"40\" maxlength=\"400\" class=\"wpcf7-form-control wpcf7-email wpcf7-validates-as-required wpcf7-text wpcf7-validates-as-email\" aria-required=\"true\" aria-invalid=\"false\" value=\"\" type=\"email\" name=\"your-email\" \/><\/span> <\/label>\n<\/p>\n<p><label> Tu mensaje<br \/>\n<span class=\"wpcf7-form-control-wrap\" data-name=\"your-message\"><textarea cols=\"40\" rows=\"10\" maxlength=\"2000\" class=\"wpcf7-form-control wpcf7-textarea\" aria-invalid=\"false\" name=\"your-message\"><\/textarea><\/span> <\/label>\n<\/p>\n<p><input class=\"wpcf7-form-control wpcf7-submit has-spinner\" type=\"submit\" value=\"Enviar\" \/>\n<\/p><p style=\"display: none !important;\" class=\"akismet-fields-container\" data-prefix=\"_wpcf7_ak_\"><label>&#916;<textarea name=\"_wpcf7_ak_hp_textarea\" cols=\"45\" rows=\"8\" maxlength=\"100\"><\/textarea><\/label><input type=\"hidden\" id=\"ak_js_1\" name=\"_wpcf7_ak_js\" value=\"66\"\/><script>document.getElementById( \"ak_js_1\" ).setAttribute( \"value\", ( new Date() ).getTime() );<\/script><\/p><input type='hidden' class='wpcf7-pum' value='{\"closepopup\":true,\"closedelay\":2,\"openpopup\":false,\"openpopup_id\":0}' \/><div class=\"wpcf7-response-output\" aria-hidden=\"true\"><\/div>\n<\/form>\n<\/div>\n<\/div><div id=\"tab-2\" class=\"tab-pane fade in clearfix dima-tab_content\" >\n<div class=\"wpcf7 no-js\" id=\"wpcf7-f99909-o2\" lang=\"es-ES\" dir=\"ltr\" data-wpcf7-id=\"99909\">\n<div class=\"screen-reader-response\"><p role=\"status\" aria-live=\"polite\" aria-atomic=\"true\"><\/p> <ul><\/ul><\/div>\n<form action=\"\/grupo\/wp-json\/wp\/v2\/pages\/99912#wpcf7-f99909-o2\" method=\"post\" class=\"wpcf7-form init\" aria-label=\"Formulario de contacto\" novalidate=\"novalidate\" data-status=\"init\">\n<fieldset class=\"hidden-fields-container\"><input type=\"hidden\" name=\"_wpcf7\" value=\"99909\" \/><input type=\"hidden\" name=\"_wpcf7_version\" value=\"6.1.4\" \/><input type=\"hidden\" name=\"_wpcf7_locale\" value=\"es_ES\" \/><input type=\"hidden\" name=\"_wpcf7_unit_tag\" value=\"wpcf7-f99909-o2\" \/><input type=\"hidden\" name=\"_wpcf7_container_post\" value=\"0\" \/><input type=\"hidden\" name=\"_wpcf7_posted_data_hash\" value=\"\" \/><input type=\"hidden\" name=\"_wpcf7_recaptcha_response\" value=\"\" \/>\n<\/fieldset>\n<p><label> Tu nombre (requerido)<br \/>\n<span class=\"wpcf7-form-control-wrap\" data-name=\"your-name\"><input size=\"40\" maxlength=\"400\" class=\"wpcf7-form-control wpcf7-text wpcf7-validates-as-required\" aria-required=\"true\" aria-invalid=\"false\" value=\"\" type=\"text\" name=\"your-name\" \/><\/span> <\/label>\n<\/p>\n<p><label> Tu correo electr\u00f3nico (requerido)<br \/>\n<span class=\"wpcf7-form-control-wrap\" data-name=\"your-email\"><input size=\"40\" maxlength=\"400\" class=\"wpcf7-form-control wpcf7-email wpcf7-validates-as-required wpcf7-text wpcf7-validates-as-email\" aria-required=\"true\" aria-invalid=\"false\" value=\"\" type=\"email\" name=\"your-email\" \/><\/span> <\/label>\n<\/p>\n<p><label> Tu pedido<br \/>\n<span class=\"wpcf7-form-control-wrap\" data-name=\"your-message\"><textarea cols=\"40\" rows=\"10\" maxlength=\"2000\" class=\"wpcf7-form-control wpcf7-textarea\" aria-invalid=\"false\" name=\"your-message\"><\/textarea><\/span> <\/label>\n<\/p>\n<p><input class=\"wpcf7-form-control wpcf7-submit has-spinner\" type=\"submit\" value=\"Enviar\" \/>\n<\/p><p style=\"display: none !important;\" class=\"akismet-fields-container\" data-prefix=\"_wpcf7_ak_\"><label>&#916;<textarea name=\"_wpcf7_ak_hp_textarea\" cols=\"45\" rows=\"8\" maxlength=\"100\"><\/textarea><\/label><input type=\"hidden\" id=\"ak_js_2\" name=\"_wpcf7_ak_js\" value=\"246\"\/><script>document.getElementById( \"ak_js_2\" ).setAttribute( \"value\", ( new Date() ).getTime() );<\/script><\/p><input type='hidden' class='wpcf7-pum' value='{\"closepopup\":true,\"closedelay\":2,\"openpopup\":false,\"openpopup_id\":0}' \/><div class=\"wpcf7-response-output\" aria-hidden=\"true\"><\/div>\n<\/form>\n<\/div>\n<\/div><\/div><\/div>[\/vc_column][\/vc_row]<\/p>\n<\/section>","protected":false},"excerpt":{"rendered":"<p>[vc_row bg_type=&#8221;bg_color&#8221; dima_canvas_style=&#8221;&#8221; translate_x=&#8221;0&#8243; dima_z_index=&#8221;0&#8243; delay=&#8221;&#8221; delay_duration=&#8221;&#8221; delay_offset=&#8221;&#8221; top_and_bottom_padding=&#8221;&#8221; left_and_right_padding=&#8221;&#8221; id=&#8221;&#8221; class=&#8221;&#8221; style=&#8221;&#8221; bg_color=&#8221;#f9f9f9&#8243;][vc_column min_height=&#8221;&#8221; bg_type=&#8221;&#8221; dima_canvas_style=&#8221;&#8221; translate_x=&#8221;0&#8243; dima_z_index=&#8221;0&#8243; delay=&#8221;&#8221; delay_duration=&#8221;&#8221; delay_offset=&#8221;&#8221; top_and_bottom_padding=&#8221;&#8221; left_and_right_padding=&#8221;&#8221; width=&#8221;1\/3&#8243;][\/vc_column][vc_column min_height=&#8221;&#8221; bg_type=&#8221;&#8221; dima_canvas_style=&#8221;&#8221; translate_x=&#8221;0&#8243; dima_z_index=&#8221;0&#8243; delay=&#8221;&#8221; delay_duration=&#8221;&#8221; delay_offset=&#8221;&#8221; top_and_bottom_padding=&#8221;&#8221; left_and_right_padding=&#8221;&#8221; width=&#8221;1\/3&#8243;][\/vc_column][vc_column min_height=&#8221;&#8221; bg_type=&#8221;&#8221; dima_canvas_style=&#8221;&#8221; translate_x=&#8221;0&#8243; dima_z_index=&#8221;0&#8243; delay=&#8221;&#8221; delay_duration=&#8221;&#8221; delay_offset=&#8221;&#8221; top_and_bottom_padding=&#8221;&#8221; left_and_right_padding=&#8221;&#8221; width=&#8221;1\/3&#8243;][\/vc_column][\/vc_row][vc_row dark=&#8221;true&#8221; bg_type=&#8221;&#8221; dima_canvas_style=&#8221;&#8221; translate_x=&#8221;0&#8243; dima_z_index=&#8221;0&#8243; delay=&#8221;&#8221; delay_duration=&#8221;&#8221; delay_offset=&#8221;&#8221; [&hellip;]<\/p>\n","protected":false},"author":3,"featured_media":0,"parent":12,"menu_order":0,"comment_status":"closed","ping_status":"open","template":"","meta":{"footnotes":""},"class_list":["post-99912","page","type-page","status-publish","hentry"],"aioseo_notices":[],"amp_enabled":true,"_links":{"self":[{"href":"https:\/\/www.farmaciastrebol.com\/grupo\/wp-json\/wp\/v2\/pages\/99912","targetHints":{"allow":["GET"]}}],"collection":[{"href":"https:\/\/www.farmaciastrebol.com\/grupo\/wp-json\/wp\/v2\/pages"}],"about":[{"href":"https:\/\/www.farmaciastrebol.com\/grupo\/wp-json\/wp\/v2\/types\/page"}],"author":[{"embeddable":true,"href":"https:\/\/www.farmaciastrebol.com\/grupo\/wp-json\/wp\/v2\/users\/3"}],"replies":[{"embeddable":true,"href":"https:\/\/www.farmaciastrebol.com\/grupo\/wp-json\/wp\/v2\/comments?post=99912"}],"version-history":[{"count":2,"href":"https:\/\/www.farmaciastrebol.com\/grupo\/wp-json\/wp\/v2\/pages\/99912\/revisions"}],"predecessor-version":[{"id":99914,"href":"https:\/\/www.farmaciastrebol.com\/grupo\/wp-json\/wp\/v2\/pages\/99912\/revisions\/99914"}],"up":[{"embeddable":true,"href":"https:\/\/www.farmaciastrebol.com\/grupo\/wp-json\/wp\/v2\/pages\/12"}],"wp:attachment":[{"href":"https:\/\/www.farmaciastrebol.com\/grupo\/wp-json\/wp\/v2\/media?parent=99912"}],"curies":[{"name":"wp","href":"https:\/\/api.w.org\/{rel}","templated":true}]}}